{"id":2225,"date":"2026-01-20T08:28:23","date_gmt":"2026-01-20T08:28:23","guid":{"rendered":"https:\/\/fumot.uk\/?post_type=product&#038;p=2225"},"modified":"2026-01-20T09:07:01","modified_gmt":"2026-01-20T09:07:01","slug":"uzy-crystal-4-in-1-100000-puffs-watermelon-ice-blue-razz-cherry-watermelon-sour-peach-passion-fruit-kiwi","status":"publish","type":"product","link":"https:\/\/fumot.uk\/da\/product\/uzy-crystal-4-in-1-100000-puffs-watermelon-ice-blue-razz-cherry-watermelon-sour-peach-passion-fruit-kiwi\/","title":{"rendered":"UZY Crystal 4-i-1 Vape 100000 Puffs (56ml) \u2013 Vandmelon Is \/ Bl\u00e5 Razz Kirseb\u00e6r \/ Vandmelon Sur Fersken \/ Passionsfrugt Kiwi"},"content":{"rendered":"<p><strong>UZY Crystal 4-i-1 100000 Puffs<\/strong> kombinerer en krystalklar gennemsigtig krop med en smart <strong>4-smags roterende mundstykke<\/strong>, s\u00e5 du kan skifte smag p\u00e5 f\u00e5 sekunder\u2014ingen udskiftning af enheder. Det synlige indre design tilf\u00f8jer et slankt, moderne look, mens det holder din dampoplevelse enkel og tilfredsstillende.<\/p>\n<p>Bygget med et <strong>quad mesh coil system (1,0\u03a9 \u00d74)<\/strong>, UZY Crystal er designet til at levere en ensartet smag p\u00e5 tv\u00e6rs af alle fire blandinger. En praktisk <strong>LED display<\/strong> holder dig informeret med et \u00f8jeblik, og <strong>650mAh genopladeligt batteri<\/strong> oplader via <strong>Type-C<\/strong> for daglig bekvemmelighed.<\/p>\n<h3>4 Smage i 1: Vandmelon Is + Bl\u00e5 Razz Kirseb\u00e6r + Vandmelon Sur Fersken + Passion Frugt Kiwi<\/h3>\n<ul>\n<li><strong>Vandmelon Is<\/strong> \u2013 Saftig vandmelon med en ren, iset finish for en skarp, forfriskende ind\u00e5nding.<\/li>\n<li><strong>Bl\u00e5 Hindb\u00e6r Kirseb\u00e6r<\/strong> \u2013 Syrlig bl\u00e5 hindb\u00e6r parret med s\u00f8d kirseb\u00e6r for en dristig, slik-frugt profil.<\/li>\n<li><strong>Vandmelon Sur Fersken<\/strong> \u2013 Lys vandmelon l\u00f8ftet af en let sur fersken note\u2014frugtagtig med et legende twist.<\/li>\n<li><strong>Passion Frugt Kiwi<\/strong> \u2013 Tropisk passion frugt m\u00f8der frisk kiwi for en livlig, zesty blanding.<\/li>\n<\/ul>\n<p>Uanset om du l\u00e6nges efter k\u00f8lig vandmelon, kraftig b\u00e6r-kirseb\u00e6r, et s\u00f8d-sur fersken kick, eller tropisk kiwi friskhed, giver et twist dig en helt ny stemning\u2014perfekt til at holde din dag smagfuld uden at komplicere tingene.<\/p>\n<h3>N\u00f8glefunktioner<\/h3>\n<ul>\n<li><strong>Sug:<\/strong> Op til 100000 puffs<\/li>\n<li><strong>Smage:<\/strong> 4-i-1 roterende mundstykke<\/li>\n<li><strong>Spole:<\/strong> Quad Mesh Coil (1,0\u03a9 \u00d74)<\/li>\n<li><strong>E-v\u00e6ske Kapacitet:<\/strong> 56ml<\/li>\n<li><strong>Nikotinstyrke:<\/strong> 0% \/ 2% \/ 3% \/ 5%<\/li>\n<li><strong>Batteri:<\/strong> 650mAh<\/li>\n<li><strong>Opladning:<\/strong> Type-C<\/li>\n<li><strong>Display:<\/strong> LED Display<\/li>\n<\/ul>\n<p>Udforsk flere h\u00f8j-sug engangsprodukter og multi-smags muligheder p\u00e5 <a href=\"https:\/\/fumot.uk\/da\/\">fumot.uk<\/a>.<\/p>","protected":false},"excerpt":{"rendered":"<p>UZY Crystal 4-i-1 engangsvape med op til 100000 sug, 56ml e-v\u00e6ske, quad mesh coil, LED-display og Type\u2011C opladning. Drej for at skifte: Vandmelon Is, Bl\u00e5 Razz Kirseb\u00e6r, Vandmelon Sur Fersken, Passionsfrugt Kiwi.<\/p>","protected":false},"featured_media":2236,"comment_status":"open","ping_status":"closed","template":"","meta":[],"product_brand":[],"product_cat":[127,128,17],"product_tag":[129,130,131,22,36,113,72,23,29,45,46,30,132,133,26,62,28,32],"class_list":{"0":"post-2225","1":"product","2":"type-product","3":"status-publish","4":"has-post-thumbnail","6":"product_cat-100000-puff","7":"product_cat-uzy-crystal-4-in-1-100000-puffs","8":"product_cat-vape","9":"product_tag-4-in-1-vape","10":"product_tag-56ml","11":"product_tag-650mah","12":"product_tag-blue-razz","13":"product_tag-cherry","14":"product_tag-crystal-vape","15":"product_tag-direct-to-lung","16":"product_tag-display","17":"product_tag-ice","18":"product_tag-kiwi","19":"product_tag-passion-fruit","20":"product_tag-peach","21":"product_tag-quad-flavors","22":"product_tag-quadruple-mesh-coil","23":"product_tag-rechargeable","24":"product_tag-sale-vape","25":"product_tag-type-c","26":"product_tag-watermelon","28":"first","29":"instock","30":"sale","31":"shipping-taxable","32":"purchasable","33":"product-type-variable","34":"has-default-attributes"},"yoast_head":"<!-- This site is optimized with the Yoast SEO plugin v26.8 - https:\/\/yoast.com\/product\/yoast-seo-wordpress\/ -->\n<title>UZY Crystal 4-in-1 100000 Puffs \u2013 4 Flavors Vape<\/title>\n<meta name=\"description\" content=\"UZY Crystal 4-in-1 vape: up to 100000 puffs, 56ml, quad mesh coil, LED display, Type\u2011C rechargeable. 4 flavors: Watermelon Ice, Blue Razz Cherry, Sour Peach, Passion Fruit Kiwi.\" \/>\n<meta name=\"robots\" content=\"index, follow, max-snippet:-1, max-image-preview:large, max-video-preview:-1\" \/>\n<link rel=\"canonical\" href=\"https:\/\/fumot.uk\/da\/product\/uzy-crystal-4-in-1-100000-puffs-watermelon-ice-blue-razz-cherry-watermelon-sour-peach-passion-fruit-kiwi\/\" \/>\n<meta property=\"og:locale\" content=\"da_DK\" \/>\n<meta property=\"og:type\" content=\"article\" \/>\n<meta property=\"og:title\" content=\"UZY Crystal 4-in-1: 100000 Puffs, 4 Flavors in One\" \/>\n<meta property=\"og:description\" content=\"Twist to switch flavors\u2014Watermelon Ice, Blue Razz Cherry, Watermelon Sour Peach &amp; Passion Fruit Kiwi. 56ml, quad mesh coil, LED display, Type\u2011C rechargeable.\" \/>\n<meta property=\"og:url\" content=\"https:\/\/fumot.uk\/da\/product\/uzy-crystal-4-in-1-100000-puffs-watermelon-ice-blue-razz-cherry-watermelon-sour-peach-passion-fruit-kiwi\/\" \/>\n<meta property=\"og:site_name\" content=\"Fumot Official Direct | Straight from the Factory, 100% Genuine\" \/>\n<meta property=\"article:modified_time\" content=\"2026-01-20T09:07:01+00:00\" \/>\n<meta property=\"og:image\" content=\"https:\/\/fumot.uk\/wp-content\/uploads\/2026\/01\/UZY-Crystal-4-in-1-100000-Puffs-HeyVape-watermelon-ice-blue-razz-cherry-watermelon-sour-peach-passion-fruit-kiwi.jpg\" \/>\n\t<meta property=\"og:image:width\" content=\"2500\" \/>\n\t<meta property=\"og:image:height\" content=\"2500\" \/>\n\t<meta property=\"og:image:type\" content=\"image\/jpeg\" \/>\n<meta name=\"twitter:card\" content=\"summary_large_image\" \/>\n<meta name=\"twitter:label1\" content=\"Estimeret l\u00e6setid\" \/>\n\t<meta name=\"twitter:data1\" content=\"2 minutter\" \/>\n<script type=\"application\/ld+json\" class=\"yoast-schema-graph\">{\"@context\":\"https:\/\/schema.org\",\"@graph\":[{\"@type\":\"WebPage\",\"@id\":\"https:\/\/fumot.uk\/product\/uzy-crystal-4-in-1-100000-puffs-watermelon-ice-blue-razz-cherry-watermelon-sour-peach-passion-fruit-kiwi\/\",\"url\":\"https:\/\/fumot.uk\/product\/uzy-crystal-4-in-1-100000-puffs-watermelon-ice-blue-razz-cherry-watermelon-sour-peach-passion-fruit-kiwi\/\",\"name\":\"UZY Crystal 4-in-1 100000 Puffs \u2013 4 Flavors Vape\",\"isPartOf\":{\"@id\":\"https:\/\/fumot.uk\/#website\"},\"primaryImageOfPage\":{\"@id\":\"https:\/\/fumot.uk\/product\/uzy-crystal-4-in-1-100000-puffs-watermelon-ice-blue-razz-cherry-watermelon-sour-peach-passion-fruit-kiwi\/#primaryimage\"},\"image\":{\"@id\":\"https:\/\/fumot.uk\/product\/uzy-crystal-4-in-1-100000-puffs-watermelon-ice-blue-razz-cherry-watermelon-sour-peach-passion-fruit-kiwi\/#primaryimage\"},\"thumbnailUrl\":\"https:\/\/fumot.uk\/wp-content\/uploads\/2026\/01\/UZY-Crystal-4-in-1-100000-Puffs-HeyVape-watermelon-ice-blue-razz-cherry-watermelon-sour-peach-passion-fruit-kiwi.jpg\",\"datePublished\":\"2026-01-20T08:28:23+00:00\",\"dateModified\":\"2026-01-20T09:07:01+00:00\",\"description\":\"UZY Crystal 4-in-1 vape: up to 100000 puffs, 56ml, quad mesh coil, LED display, Type\u2011C rechargeable. 4 flavors: Watermelon Ice, Blue Razz Cherry, Sour Peach, Passion Fruit Kiwi.\",\"breadcrumb\":{\"@id\":\"https:\/\/fumot.uk\/product\/uzy-crystal-4-in-1-100000-puffs-watermelon-ice-blue-razz-cherry-watermelon-sour-peach-passion-fruit-kiwi\/#breadcrumb\"},\"inLanguage\":\"da-DK\",\"potentialAction\":[{\"@type\":\"ReadAction\",\"target\":[\"https:\/\/fumot.uk\/product\/uzy-crystal-4-in-1-100000-puffs-watermelon-ice-blue-razz-cherry-watermelon-sour-peach-passion-fruit-kiwi\/\"]}]},{\"@type\":\"ImageObject\",\"inLanguage\":\"da-DK\",\"@id\":\"https:\/\/fumot.uk\/product\/uzy-crystal-4-in-1-100000-puffs-watermelon-ice-blue-razz-cherry-watermelon-sour-peach-passion-fruit-kiwi\/#primaryimage\",\"url\":\"https:\/\/fumot.uk\/wp-content\/uploads\/2026\/01\/UZY-Crystal-4-in-1-100000-Puffs-HeyVape-watermelon-ice-blue-razz-cherry-watermelon-sour-peach-passion-fruit-kiwi.jpg\",\"contentUrl\":\"https:\/\/fumot.uk\/wp-content\/uploads\/2026\/01\/UZY-Crystal-4-in-1-100000-Puffs-HeyVape-watermelon-ice-blue-razz-cherry-watermelon-sour-peach-passion-fruit-kiwi.jpg\",\"width\":2500,\"height\":2500},{\"@type\":\"BreadcrumbList\",\"@id\":\"https:\/\/fumot.uk\/product\/uzy-crystal-4-in-1-100000-puffs-watermelon-ice-blue-razz-cherry-watermelon-sour-peach-passion-fruit-kiwi\/#breadcrumb\",\"itemListElement\":[{\"@type\":\"ListItem\",\"position\":1,\"name\":\"Home\",\"item\":\"https:\/\/fumot.uk\/\"},{\"@type\":\"ListItem\",\"position\":2,\"name\":\"Shop\",\"item\":\"https:\/\/fumot.uk\/shop\/\"},{\"@type\":\"ListItem\",\"position\":3,\"name\":\"UZY Crystal 4-in-1 Vape 100000 Puffs (56ml) \u2013 Watermelon Ice \/ Blue Razz Cherry \/ Watermelon Sour Peach \/ Passion Fruit Kiwi\"}]},{\"@type\":\"WebSite\",\"@id\":\"https:\/\/fumot.uk\/#website\",\"url\":\"https:\/\/fumot.uk\/\",\"name\":\"Fumot Official Direct | Straight from the Factory, 100% Genuine\",\"description\":\"Official Website\",\"publisher\":{\"@id\":\"https:\/\/fumot.uk\/#organization\"},\"potentialAction\":[{\"@type\":\"SearchAction\",\"target\":{\"@type\":\"EntryPoint\",\"urlTemplate\":\"https:\/\/fumot.uk\/?s={search_term_string}\"},\"query-input\":{\"@type\":\"PropertyValueSpecification\",\"valueRequired\":true,\"valueName\":\"search_term_string\"}}],\"inLanguage\":\"da-DK\"},{\"@type\":\"Organization\",\"@id\":\"https:\/\/fumot.uk\/#organization\",\"name\":\"Fumot Official Direct | Straight from the Factory, 100% Genuine\",\"url\":\"https:\/\/fumot.uk\/\",\"logo\":{\"@type\":\"ImageObject\",\"inLanguage\":\"da-DK\",\"@id\":\"https:\/\/fumot.uk\/#\/schema\/logo\/image\/\",\"url\":\"https:\/\/fumot.uk\/wp-content\/uploads\/2026\/01\/cropped-fumot-logo1.png\",\"contentUrl\":\"https:\/\/fumot.uk\/wp-content\/uploads\/2026\/01\/cropped-fumot-logo1.png\",\"width\":152,\"height\":106,\"caption\":\"Fumot Official Direct | Straight from the Factory, 100% Genuine\"},\"image\":{\"@id\":\"https:\/\/fumot.uk\/#\/schema\/logo\/image\/\"}}]}<\/script>\n<!-- \/ Yoast SEO plugin. -->","yoast_head_json":{"title":"UZY Crystal 4-i-1 100000 Puffs \u2013 4 Smagsvarianter Vape","description":"UZY Crystal 4-i-1 vape: op til 100000 sug, 56ml, quad mesh coil, LED-display, Type-C genopladelig. 4 smage: Vandmelon Is, Bl\u00e5 Razz Kirseb\u00e6r, Sur Fersken, Passionsfrugt Kiwi.","robots":{"index":"index","follow":"follow","max-snippet":"max-snippet:-1","max-image-preview":"max-image-preview:large","max-video-preview":"max-video-preview:-1"},"canonical":"https:\/\/fumot.uk\/da\/product\/uzy-crystal-4-in-1-100000-puffs-watermelon-ice-blue-razz-cherry-watermelon-sour-peach-passion-fruit-kiwi\/","og_locale":"da_DK","og_type":"article","og_title":"UZY Crystal 4-in-1: 100000 Puffs, 4 Flavors in One","og_description":"Twist to switch flavors\u2014Watermelon Ice, Blue Razz Cherry, Watermelon Sour Peach & Passion Fruit Kiwi. 56ml, quad mesh coil, LED display, Type\u2011C rechargeable.","og_url":"https:\/\/fumot.uk\/da\/product\/uzy-crystal-4-in-1-100000-puffs-watermelon-ice-blue-razz-cherry-watermelon-sour-peach-passion-fruit-kiwi\/","og_site_name":"Fumot Official Direct | Straight from the Factory, 100% Genuine","article_modified_time":"2026-01-20T09:07:01+00:00","og_image":[{"width":2500,"height":2500,"url":"https:\/\/fumot.uk\/wp-content\/uploads\/2026\/01\/UZY-Crystal-4-in-1-100000-Puffs-HeyVape-watermelon-ice-blue-razz-cherry-watermelon-sour-peach-passion-fruit-kiwi.jpg","type":"image\/jpeg"}],"twitter_card":"summary_large_image","twitter_misc":{"Estimeret l\u00e6setid":"2 minutter"},"schema":{"@context":"https:\/\/schema.org","@graph":[{"@type":"WebPage","@id":"https:\/\/fumot.uk\/product\/uzy-crystal-4-in-1-100000-puffs-watermelon-ice-blue-razz-cherry-watermelon-sour-peach-passion-fruit-kiwi\/","url":"https:\/\/fumot.uk\/product\/uzy-crystal-4-in-1-100000-puffs-watermelon-ice-blue-razz-cherry-watermelon-sour-peach-passion-fruit-kiwi\/","name":"UZY Crystal 4-i-1 100000 Puffs \u2013 4 Smagsvarianter Vape","isPartOf":{"@id":"https:\/\/fumot.uk\/#website"},"primaryImageOfPage":{"@id":"https:\/\/fumot.uk\/product\/uzy-crystal-4-in-1-100000-puffs-watermelon-ice-blue-razz-cherry-watermelon-sour-peach-passion-fruit-kiwi\/#primaryimage"},"image":{"@id":"https:\/\/fumot.uk\/product\/uzy-crystal-4-in-1-100000-puffs-watermelon-ice-blue-razz-cherry-watermelon-sour-peach-passion-fruit-kiwi\/#primaryimage"},"thumbnailUrl":"https:\/\/fumot.uk\/wp-content\/uploads\/2026\/01\/UZY-Crystal-4-in-1-100000-Puffs-HeyVape-watermelon-ice-blue-razz-cherry-watermelon-sour-peach-passion-fruit-kiwi.jpg","datePublished":"2026-01-20T08:28:23+00:00","dateModified":"2026-01-20T09:07:01+00:00","description":"UZY Crystal 4-i-1 vape: op til 100000 sug, 56ml, quad mesh coil, LED-display, Type-C genopladelig. 4 smage: Vandmelon Is, Bl\u00e5 Razz Kirseb\u00e6r, Sur Fersken, Passionsfrugt Kiwi.","breadcrumb":{"@id":"https:\/\/fumot.uk\/product\/uzy-crystal-4-in-1-100000-puffs-watermelon-ice-blue-razz-cherry-watermelon-sour-peach-passion-fruit-kiwi\/#breadcrumb"},"inLanguage":"da-DK","potentialAction":[{"@type":"ReadAction","target":["https:\/\/fumot.uk\/product\/uzy-crystal-4-in-1-100000-puffs-watermelon-ice-blue-razz-cherry-watermelon-sour-peach-passion-fruit-kiwi\/"]}]},{"@type":"ImageObject","inLanguage":"da-DK","@id":"https:\/\/fumot.uk\/product\/uzy-crystal-4-in-1-100000-puffs-watermelon-ice-blue-razz-cherry-watermelon-sour-peach-passion-fruit-kiwi\/#primaryimage","url":"https:\/\/fumot.uk\/wp-content\/uploads\/2026\/01\/UZY-Crystal-4-in-1-100000-Puffs-HeyVape-watermelon-ice-blue-razz-cherry-watermelon-sour-peach-passion-fruit-kiwi.jpg","contentUrl":"https:\/\/fumot.uk\/wp-content\/uploads\/2026\/01\/UZY-Crystal-4-in-1-100000-Puffs-HeyVape-watermelon-ice-blue-razz-cherry-watermelon-sour-peach-passion-fruit-kiwi.jpg","width":2500,"height":2500},{"@type":"BreadcrumbList","@id":"https:\/\/fumot.uk\/product\/uzy-crystal-4-in-1-100000-puffs-watermelon-ice-blue-razz-cherry-watermelon-sour-peach-passion-fruit-kiwi\/#breadcrumb","itemListElement":[{"@type":"ListItem","position":1,"name":"Home","item":"https:\/\/fumot.uk\/"},{"@type":"ListItem","position":2,"name":"Shop","item":"https:\/\/fumot.uk\/shop\/"},{"@type":"ListItem","position":3,"name":"UZY Crystal 4-in-1 Vape 100000 Puffs (56ml) \u2013 Watermelon Ice \/ Blue Razz Cherry \/ Watermelon Sour Peach \/ Passion Fruit Kiwi"}]},{"@type":"WebSite","@id":"https:\/\/fumot.uk\/#website","url":"https:\/\/fumot.uk\/","name":"Fumot Official Direct | Direkte fra fabrikken, 100% \u00c6gte","description":"Officiel hjemmeside","publisher":{"@id":"https:\/\/fumot.uk\/#organization"},"potentialAction":[{"@type":"SearchAction","target":{"@type":"EntryPoint","urlTemplate":"https:\/\/fumot.uk\/?s={search_term_string}"},"query-input":{"@type":"PropertyValueSpecification","valueRequired":true,"valueName":"search_term_string"}}],"inLanguage":"da-DK"},{"@type":"Organization","@id":"https:\/\/fumot.uk\/#organization","name":"Fumot Official Direct | Direkte fra fabrikken, 100% \u00c6gte","url":"https:\/\/fumot.uk\/","logo":{"@type":"ImageObject","inLanguage":"da-DK","@id":"https:\/\/fumot.uk\/#\/schema\/logo\/image\/","url":"https:\/\/fumot.uk\/wp-content\/uploads\/2026\/01\/cropped-fumot-logo1.png","contentUrl":"https:\/\/fumot.uk\/wp-content\/uploads\/2026\/01\/cropped-fumot-logo1.png","width":152,"height":106,"caption":"Fumot Official Direct | Straight from the Factory, 100% Genuine"},"image":{"@id":"https:\/\/fumot.uk\/#\/schema\/logo\/image\/"}}]}},"_links":{"self":[{"href":"https:\/\/fumot.uk\/da\/wp-json\/wp\/v2\/product\/2225","targetHints":{"allow":["GET"]}}],"collection":[{"href":"https:\/\/fumot.uk\/da\/wp-json\/wp\/v2\/product"}],"about":[{"href":"https:\/\/fumot.uk\/da\/wp-json\/wp\/v2\/types\/product"}],"replies":[{"embeddable":true,"href":"https:\/\/fumot.uk\/da\/wp-json\/wp\/v2\/comments?post=2225"}],"wp:featuredmedia":[{"embeddable":true,"href":"https:\/\/fumot.uk\/da\/wp-json\/wp\/v2\/media\/2236"}],"wp:attachment":[{"href":"https:\/\/fumot.uk\/da\/wp-json\/wp\/v2\/media?parent=2225"}],"wp:term":[{"taxonomy":"product_brand","embeddable":true,"href":"https:\/\/fumot.uk\/da\/wp-json\/wp\/v2\/product_brand?post=2225"},{"taxonomy":"product_cat","embeddable":true,"href":"https:\/\/fumot.uk\/da\/wp-json\/wp\/v2\/product_cat?post=2225"},{"taxonomy":"product_tag","embeddable":true,"href":"https:\/\/fumot.uk\/da\/wp-json\/wp\/v2\/product_tag?post=2225"}],"curies":[{"name":"wp","href":"https:\/\/api.w.org\/{rel}","templated":true}]}}