{"id":1674,"date":"2026-01-20T08:21:12","date_gmt":"2026-01-20T08:21:12","guid":{"rendered":"https:\/\/fumot.uk\/?post_type=product&#038;p=1674"},"modified":"2026-01-20T09:15:59","modified_gmt":"2026-01-20T09:15:59","slug":"uzy-tornado-30000-puffs-strawberry-watermelon-blueberry-raspberry-dual-flavor-vape","status":"publish","type":"product","link":"https:\/\/fumot.uk\/da\/product\/uzy-tornado-30000-puffs-strawberry-watermelon-blueberry-raspberry-dual-flavor-vape\/","title":{"rendered":"UZY Tornado 30000 Puffs Dual Flavor Disposable Vape (40ml, 850mAh, Type\u2011C) \u2013 Jordb\u00e6r Vandmelon &amp; Bl\u00e5b\u00e6r Hindb\u00e6r"},"content":{"rendered":"<h2>UZY Tornado 30000 Puffs \u2013 Dual\u2011Flavor Switch for Everyday Variety<\/h2>\n<p>Den <strong>UZY Tornado 30000 Puffs<\/strong> er designet til dampere, der \u00f8nsker mere smagsvalg i \u00e9n enhed. Takket v\u00e6re dens <strong>Dual\u2011Flavor<\/strong> system kan du <strong>drej mundstykket<\/strong> skifte mellem to smage\u2014ingen udskiftning af enheder, ingen afbrydelse.<\/p>\n<h3>Smagsprofil: Jordb\u00e6r Vandmelon &amp; Bl\u00e5b\u00e6r Hindb\u00e6r<\/h3>\n<p>Denne dobbelte kombination bringer en lys, frugtig rotation\u2014bl\u00f8d s\u00f8dme p\u00e5 den ene side, b\u00e6rdybde p\u00e5 den anden\u2014ideel, hvis du kan lide at \u00e6ndre din stemning i l\u00f8bet af dagen.<\/p>\n<ul>\n<li><strong>Jordb\u00e6r Vandmelon<\/strong>: Moden jordb\u00e6rs\u00f8dme blandet med saftig vandmelon for en let, sommerlig finish.<\/li>\n<li><strong>Bl\u00e5b\u00e6r Hindb\u00e6r<\/strong>: Kraftige bl\u00e5b\u00e6rnoter lagdelt med en syrlig hindb\u00e6rkant for en rigere, mere levende b\u00e6rblanding.<\/li>\n<\/ul>\n<h3>Bygget til kontrol og komfort<\/h3>\n<ul>\n<li><strong>All\u2011Round Display<\/strong>: Viser tydeligt <strong>batteristatus<\/strong> og <strong>e-v\u00e6ske niveauer for begge smage<\/strong> s\u00e5 du altid ved, hvor du st\u00e5r.<\/li>\n<li><strong>Justerbar Luftstr\u00f8m<\/strong>: Juster dit sug fra glattere til mere intenst, baseret p\u00e5 din pr\u00e6ference.<\/li>\n<li><strong>Dual Mesh Coil<\/strong>: Hj\u00e6lper med at levere konsistent damp og ren smag fra start til slut.<\/li>\n<\/ul>\n<h3>N\u00f8glespecifikationer<\/h3>\n<ul>\n<li><strong>Op til 30.000 sug<\/strong> (forbrug varierer efter sugl\u00e6ngde og indstillinger)<\/li>\n<li><strong>40ml e\u2011v\u00e6ske kapacitet<\/strong><\/li>\n<li><strong>850mAh genopladeligt batteri<\/strong> med <strong>Type\u2011C opladning<\/strong><\/li>\n<li><strong>Nikotinstyrker<\/strong>: 0%, 2%, 3%, 5%<\/li>\n<li><strong>Dual\u2011Flavor twist switch<\/strong>: to smage i \u00e9n enhed<\/li>\n<\/ul>\n<p>Leder du efter flere langvarige muligheder? Udforsk mere p\u00e5 <a href=\"https:\/\/fumot.uk\/da\/\">fumot.uk<\/a>.<\/p>","protected":false},"excerpt":{"rendered":"<p>Skift smag n\u00e5r som helst: UZY Tornado 30000 Puffs Dual\u2011Flavor engangs vape med Jordb\u00e6r Vandmelon &amp; Bl\u00e5b\u00e6r Hindb\u00e6r, 40ml e\u2011v\u00e6ske, 850mAh Type\u2011C opladning, display + justerbar luftstr\u00f8m. Nikotin: 0\/2\/3\/5%.<\/p>","protected":false},"featured_media":1724,"comment_status":"open","ping_status":"closed","template":"","meta":[],"product_brand":[],"product_cat":[125,126,17],"product_tag":[112,20,33,72,23,114,73,34,26,62,37,28,32],"class_list":{"0":"post-1674","1":"product","2":"type-product","3":"status-publish","4":"has-post-thumbnail","6":"product_cat-30000-puff","7":"product_cat-uzy-tornado-30000-puffs","8":"product_cat-vape","9":"product_tag-40ml","10":"product_tag-850mah","11":"product_tag-blueberry","12":"product_tag-direct-to-lung","13":"product_tag-display","14":"product_tag-dual-flavor","15":"product_tag-dual-mesh","16":"product_tag-raspberry","17":"product_tag-rechargeable","18":"product_tag-sale-vape","19":"product_tag-strawberry","20":"product_tag-type-c","21":"product_tag-watermelon","23":"first","24":"instock","25":"sale","26":"shipping-taxable","27":"purchasable","28":"product-type-variable","29":"has-default-attributes"},"yoast_head":"<!-- This site is optimized with the Yoast SEO plugin v26.8 - https:\/\/yoast.com\/product\/yoast-seo-wordpress\/ -->\n<title>UZY Tornado 30000 Dual Flavor Vape | 40ml, 850mAh<\/title>\n<meta name=\"description\" content=\"UZY Tornado 30000 Puffs dual\u2011flavor disposable vape: Strawberry Watermelon + Blueberry Raspberry. 40ml, 850mAh Type\u2011C, display, airflow control. 0\/2\/3\/5%.\" \/>\n<meta name=\"robots\" content=\"index, follow, max-snippet:-1, max-image-preview:large, max-video-preview:-1\" \/>\n<link rel=\"canonical\" href=\"https:\/\/fumot.uk\/da\/product\/uzy-tornado-30000-puffs-strawberry-watermelon-blueberry-raspberry-dual-flavor-vape\/\" \/>\n<meta property=\"og:locale\" content=\"da_DK\" \/>\n<meta property=\"og:type\" content=\"article\" \/>\n<meta property=\"og:title\" content=\"UZY Tornado 30000 Puffs \u2013 Dual Flavor Strawberry\/Watermelon &amp; Berry\" \/>\n<meta property=\"og:description\" content=\"Twist to switch between Strawberry Watermelon and Blueberry Raspberry. 40ml e\u2011liquid, 850mAh Type\u2011C recharge, display and adjustable airflow. Shop at fumot.uk.\" \/>\n<meta property=\"og:url\" content=\"https:\/\/fumot.uk\/da\/product\/uzy-tornado-30000-puffs-strawberry-watermelon-blueberry-raspberry-dual-flavor-vape\/\" \/>\n<meta property=\"og:site_name\" content=\"Fumot Official Direct | Straight from the Factory, 100% Genuine\" \/>\n<meta property=\"article:modified_time\" content=\"2026-01-20T09:15:59+00:00\" \/>\n<meta property=\"og:image\" content=\"https:\/\/fumot.uk\/wp-content\/uploads\/2026\/01\/strawberry-Watermelon-blueberry-Raspberry_UZY-TORNADO-30000Puffs-Disposable-Vape-scaled-1-1024x1024.png\" \/>\n\t<meta property=\"og:image:width\" content=\"1024\" \/>\n\t<meta property=\"og:image:height\" content=\"1024\" \/>\n\t<meta property=\"og:image:type\" content=\"image\/png\" \/>\n<meta name=\"twitter:card\" content=\"summary_large_image\" \/>\n<meta name=\"twitter:label1\" content=\"Estimeret l\u00e6setid\" \/>\n\t<meta name=\"twitter:data1\" content=\"2 minutter\" \/>\n<script type=\"application\/ld+json\" class=\"yoast-schema-graph\">{\"@context\":\"https:\/\/schema.org\",\"@graph\":[{\"@type\":\"WebPage\",\"@id\":\"https:\/\/fumot.uk\/product\/uzy-tornado-30000-puffs-strawberry-watermelon-blueberry-raspberry-dual-flavor-vape\/\",\"url\":\"https:\/\/fumot.uk\/product\/uzy-tornado-30000-puffs-strawberry-watermelon-blueberry-raspberry-dual-flavor-vape\/\",\"name\":\"UZY Tornado 30000 Dual Flavor Vape | 40ml, 850mAh\",\"isPartOf\":{\"@id\":\"https:\/\/fumot.uk\/#website\"},\"primaryImageOfPage\":{\"@id\":\"https:\/\/fumot.uk\/product\/uzy-tornado-30000-puffs-strawberry-watermelon-blueberry-raspberry-dual-flavor-vape\/#primaryimage\"},\"image\":{\"@id\":\"https:\/\/fumot.uk\/product\/uzy-tornado-30000-puffs-strawberry-watermelon-blueberry-raspberry-dual-flavor-vape\/#primaryimage\"},\"thumbnailUrl\":\"https:\/\/fumot.uk\/wp-content\/uploads\/2026\/01\/strawberry-Watermelon-blueberry-Raspberry_UZY-TORNADO-30000Puffs-Disposable-Vape-scaled-1.png\",\"datePublished\":\"2026-01-20T08:21:12+00:00\",\"dateModified\":\"2026-01-20T09:15:59+00:00\",\"description\":\"UZY Tornado 30000 Puffs dual\u2011flavor disposable vape: Strawberry Watermelon + Blueberry Raspberry. 40ml, 850mAh Type\u2011C, display, airflow control. 0\/2\/3\/5%.\",\"breadcrumb\":{\"@id\":\"https:\/\/fumot.uk\/product\/uzy-tornado-30000-puffs-strawberry-watermelon-blueberry-raspberry-dual-flavor-vape\/#breadcrumb\"},\"inLanguage\":\"da-DK\",\"potentialAction\":[{\"@type\":\"ReadAction\",\"target\":[\"https:\/\/fumot.uk\/product\/uzy-tornado-30000-puffs-strawberry-watermelon-blueberry-raspberry-dual-flavor-vape\/\"]}]},{\"@type\":\"ImageObject\",\"inLanguage\":\"da-DK\",\"@id\":\"https:\/\/fumot.uk\/product\/uzy-tornado-30000-puffs-strawberry-watermelon-blueberry-raspberry-dual-flavor-vape\/#primaryimage\",\"url\":\"https:\/\/fumot.uk\/wp-content\/uploads\/2026\/01\/strawberry-Watermelon-blueberry-Raspberry_UZY-TORNADO-30000Puffs-Disposable-Vape-scaled-1.png\",\"contentUrl\":\"https:\/\/fumot.uk\/wp-content\/uploads\/2026\/01\/strawberry-Watermelon-blueberry-Raspberry_UZY-TORNADO-30000Puffs-Disposable-Vape-scaled-1.png\",\"width\":2560,\"height\":2560},{\"@type\":\"BreadcrumbList\",\"@id\":\"https:\/\/fumot.uk\/product\/uzy-tornado-30000-puffs-strawberry-watermelon-blueberry-raspberry-dual-flavor-vape\/#breadcrumb\",\"itemListElement\":[{\"@type\":\"ListItem\",\"position\":1,\"name\":\"Home\",\"item\":\"https:\/\/fumot.uk\/\"},{\"@type\":\"ListItem\",\"position\":2,\"name\":\"Shop\",\"item\":\"https:\/\/fumot.uk\/shop\/\"},{\"@type\":\"ListItem\",\"position\":3,\"name\":\"UZY Tornado 30000 Puffs Dual Flavor Disposable Vape (40ml, 850mAh, Type\u2011C) \u2013 Strawberry Watermelon &#038; Blueberry Raspberry\"}]},{\"@type\":\"WebSite\",\"@id\":\"https:\/\/fumot.uk\/#website\",\"url\":\"https:\/\/fumot.uk\/\",\"name\":\"Fumot Official Direct | Straight from the Factory, 100% Genuine\",\"description\":\"Official Website\",\"publisher\":{\"@id\":\"https:\/\/fumot.uk\/#organization\"},\"potentialAction\":[{\"@type\":\"SearchAction\",\"target\":{\"@type\":\"EntryPoint\",\"urlTemplate\":\"https:\/\/fumot.uk\/?s={search_term_string}\"},\"query-input\":{\"@type\":\"PropertyValueSpecification\",\"valueRequired\":true,\"valueName\":\"search_term_string\"}}],\"inLanguage\":\"da-DK\"},{\"@type\":\"Organization\",\"@id\":\"https:\/\/fumot.uk\/#organization\",\"name\":\"Fumot Official Direct | Straight from the Factory, 100% Genuine\",\"url\":\"https:\/\/fumot.uk\/\",\"logo\":{\"@type\":\"ImageObject\",\"inLanguage\":\"da-DK\",\"@id\":\"https:\/\/fumot.uk\/#\/schema\/logo\/image\/\",\"url\":\"https:\/\/fumot.uk\/wp-content\/uploads\/2026\/01\/cropped-fumot-logo1.png\",\"contentUrl\":\"https:\/\/fumot.uk\/wp-content\/uploads\/2026\/01\/cropped-fumot-logo1.png\",\"width\":152,\"height\":106,\"caption\":\"Fumot Official Direct | Straight from the Factory, 100% Genuine\"},\"image\":{\"@id\":\"https:\/\/fumot.uk\/#\/schema\/logo\/image\/\"}}]}<\/script>\n<!-- \/ Yoast SEO plugin. -->","yoast_head_json":{"title":"UZY Tornado 30000 Dual Flavor Vape | 40ml, 850mAh","description":"UZY Tornado 30000 Puffs dual-flavor engangs-vape: Jordb\u00e6r Vandmelon + Bl\u00e5b\u00e6r Hindb\u00e6r. 40ml, 850mAh Type-C, display, luftstr\u00f8mskontrol. 0\/2\/3\/5%.","robots":{"index":"index","follow":"follow","max-snippet":"max-snippet:-1","max-image-preview":"max-image-preview:large","max-video-preview":"max-video-preview:-1"},"canonical":"https:\/\/fumot.uk\/da\/product\/uzy-tornado-30000-puffs-strawberry-watermelon-blueberry-raspberry-dual-flavor-vape\/","og_locale":"da_DK","og_type":"article","og_title":"UZY Tornado 30000 Puffs \u2013 Dual Flavor Strawberry\/Watermelon & Berry","og_description":"Twist to switch between Strawberry Watermelon and Blueberry Raspberry. 40ml e\u2011liquid, 850mAh Type\u2011C recharge, display and adjustable airflow. Shop at fumot.uk.","og_url":"https:\/\/fumot.uk\/da\/product\/uzy-tornado-30000-puffs-strawberry-watermelon-blueberry-raspberry-dual-flavor-vape\/","og_site_name":"Fumot Official Direct | Straight from the Factory, 100% Genuine","article_modified_time":"2026-01-20T09:15:59+00:00","og_image":[{"width":1024,"height":1024,"url":"https:\/\/fumot.uk\/wp-content\/uploads\/2026\/01\/strawberry-Watermelon-blueberry-Raspberry_UZY-TORNADO-30000Puffs-Disposable-Vape-scaled-1-1024x1024.png","type":"image\/png"}],"twitter_card":"summary_large_image","twitter_misc":{"Estimeret l\u00e6setid":"2 minutter"},"schema":{"@context":"https:\/\/schema.org","@graph":[{"@type":"WebPage","@id":"https:\/\/fumot.uk\/product\/uzy-tornado-30000-puffs-strawberry-watermelon-blueberry-raspberry-dual-flavor-vape\/","url":"https:\/\/fumot.uk\/product\/uzy-tornado-30000-puffs-strawberry-watermelon-blueberry-raspberry-dual-flavor-vape\/","name":"UZY Tornado 30000 Dual Flavor Vape | 40ml, 850mAh","isPartOf":{"@id":"https:\/\/fumot.uk\/#website"},"primaryImageOfPage":{"@id":"https:\/\/fumot.uk\/product\/uzy-tornado-30000-puffs-strawberry-watermelon-blueberry-raspberry-dual-flavor-vape\/#primaryimage"},"image":{"@id":"https:\/\/fumot.uk\/product\/uzy-tornado-30000-puffs-strawberry-watermelon-blueberry-raspberry-dual-flavor-vape\/#primaryimage"},"thumbnailUrl":"https:\/\/fumot.uk\/wp-content\/uploads\/2026\/01\/strawberry-Watermelon-blueberry-Raspberry_UZY-TORNADO-30000Puffs-Disposable-Vape-scaled-1.png","datePublished":"2026-01-20T08:21:12+00:00","dateModified":"2026-01-20T09:15:59+00:00","description":"UZY Tornado 30000 Puffs dual-flavor engangs-vape: Jordb\u00e6r Vandmelon + Bl\u00e5b\u00e6r Hindb\u00e6r. 40ml, 850mAh Type-C, display, luftstr\u00f8mskontrol. 0\/2\/3\/5%.","breadcrumb":{"@id":"https:\/\/fumot.uk\/product\/uzy-tornado-30000-puffs-strawberry-watermelon-blueberry-raspberry-dual-flavor-vape\/#breadcrumb"},"inLanguage":"da-DK","potentialAction":[{"@type":"ReadAction","target":["https:\/\/fumot.uk\/product\/uzy-tornado-30000-puffs-strawberry-watermelon-blueberry-raspberry-dual-flavor-vape\/"]}]},{"@type":"ImageObject","inLanguage":"da-DK","@id":"https:\/\/fumot.uk\/product\/uzy-tornado-30000-puffs-strawberry-watermelon-blueberry-raspberry-dual-flavor-vape\/#primaryimage","url":"https:\/\/fumot.uk\/wp-content\/uploads\/2026\/01\/strawberry-Watermelon-blueberry-Raspberry_UZY-TORNADO-30000Puffs-Disposable-Vape-scaled-1.png","contentUrl":"https:\/\/fumot.uk\/wp-content\/uploads\/2026\/01\/strawberry-Watermelon-blueberry-Raspberry_UZY-TORNADO-30000Puffs-Disposable-Vape-scaled-1.png","width":2560,"height":2560},{"@type":"BreadcrumbList","@id":"https:\/\/fumot.uk\/product\/uzy-tornado-30000-puffs-strawberry-watermelon-blueberry-raspberry-dual-flavor-vape\/#breadcrumb","itemListElement":[{"@type":"ListItem","position":1,"name":"Home","item":"https:\/\/fumot.uk\/"},{"@type":"ListItem","position":2,"name":"Shop","item":"https:\/\/fumot.uk\/shop\/"},{"@type":"ListItem","position":3,"name":"UZY Tornado 30000 Puffs Dual Flavor Disposable Vape (40ml, 850mAh, Type\u2011C) \u2013 Strawberry Watermelon &#038; Blueberry Raspberry"}]},{"@type":"WebSite","@id":"https:\/\/fumot.uk\/#website","url":"https:\/\/fumot.uk\/","name":"Fumot Official Direct | Direkte fra fabrikken, 100% \u00c6gte","description":"Officiel hjemmeside","publisher":{"@id":"https:\/\/fumot.uk\/#organization"},"potentialAction":[{"@type":"SearchAction","target":{"@type":"EntryPoint","urlTemplate":"https:\/\/fumot.uk\/?s={search_term_string}"},"query-input":{"@type":"PropertyValueSpecification","valueRequired":true,"valueName":"search_term_string"}}],"inLanguage":"da-DK"},{"@type":"Organization","@id":"https:\/\/fumot.uk\/#organization","name":"Fumot Official Direct | Direkte fra fabrikken, 100% \u00c6gte","url":"https:\/\/fumot.uk\/","logo":{"@type":"ImageObject","inLanguage":"da-DK","@id":"https:\/\/fumot.uk\/#\/schema\/logo\/image\/","url":"https:\/\/fumot.uk\/wp-content\/uploads\/2026\/01\/cropped-fumot-logo1.png","contentUrl":"https:\/\/fumot.uk\/wp-content\/uploads\/2026\/01\/cropped-fumot-logo1.png","width":152,"height":106,"caption":"Fumot Official Direct | Straight from the Factory, 100% Genuine"},"image":{"@id":"https:\/\/fumot.uk\/#\/schema\/logo\/image\/"}}]}},"_links":{"self":[{"href":"https:\/\/fumot.uk\/da\/wp-json\/wp\/v2\/product\/1674","targetHints":{"allow":["GET"]}}],"collection":[{"href":"https:\/\/fumot.uk\/da\/wp-json\/wp\/v2\/product"}],"about":[{"href":"https:\/\/fumot.uk\/da\/wp-json\/wp\/v2\/types\/product"}],"replies":[{"embeddable":true,"href":"https:\/\/fumot.uk\/da\/wp-json\/wp\/v2\/comments?post=1674"}],"wp:featuredmedia":[{"embeddable":true,"href":"https:\/\/fumot.uk\/da\/wp-json\/wp\/v2\/media\/1724"}],"wp:attachment":[{"href":"https:\/\/fumot.uk\/da\/wp-json\/wp\/v2\/media?parent=1674"}],"wp:term":[{"taxonomy":"product_brand","embeddable":true,"href":"https:\/\/fumot.uk\/da\/wp-json\/wp\/v2\/product_brand?post=1674"},{"taxonomy":"product_cat","embeddable":true,"href":"https:\/\/fumot.uk\/da\/wp-json\/wp\/v2\/product_cat?post=1674"},{"taxonomy":"product_tag","embeddable":true,"href":"https:\/\/fumot.uk\/da\/wp-json\/wp\/v2\/product_tag?post=1674"}],"curies":[{"name":"wp","href":"https:\/\/api.w.org\/{rel}","templated":true}]}}