{"id":1646,"date":"2026-01-20T08:20:46","date_gmt":"2026-01-20T08:20:46","guid":{"rendered":"https:\/\/fumot.uk\/?post_type=product&#038;p=1646"},"modified":"2026-01-20T09:24:52","modified_gmt":"2026-01-20T09:24:52","slug":"summer-peach-ice-strawberry-ice-blue-razz-ice-uzy-triple-flavor-60000-puffs","status":"publish","type":"product","link":"https:\/\/fumot.uk\/da\/product\/summer-peach-ice-strawberry-ice-blue-razz-ice-uzy-triple-flavor-60000-puffs\/","title":{"rendered":"UZY Triple Flavor 60000 Puffs Engangs Vape \u2013 Sommerfersken Is \/ Jordb\u00e6r Is \/ Bl\u00e5 Razz Is (54ml, 850mAh, Type\u2011C)"},"content":{"rendered":"<h3>UZY Triple Flavor 60000 Puffs \u2013 Sommerfersken Is \/ Jordb\u00e6r Is \/ Bl\u00e5 Razz Is<\/h3>\n<p>M\u00f8d en cool-frugt trio lavet til daglig friskhed: <strong>Sommer Fersken Is<\/strong>, <strong>Jordb\u00e6r Is<\/strong>, og <strong>Bl\u00e5 Razz Is<\/strong> i \u00e9n enhed. Den <strong>UZY Triple Flavor 60000 Puffs<\/strong> bruger et <strong>3-kammer system<\/strong> s\u00e5 du kan skifte profiler n\u00e5r som helst\u2014holder din vape session varieret uden at b\u00e6re flere engangsprodukter.<\/p>\n<h3>Smagsudvalg (3-i-1)<\/h3>\n<ul>\n<li><strong>Sommer Fersken Is<\/strong> \u2013 saftig ferskens\u00f8dme med en ren, k\u00f8lende finish for et glat, lyst sug.<\/li>\n<li><strong>Jordb\u00e6r Is<\/strong> \u2013 modne jordb\u00e6rnoter balanceret af spr\u00f8d menthol for en let, forfriskende smag hele dagen.<\/li>\n<li><strong>Bl\u00e5 Razz Is<\/strong> \u2013 syrlig bl\u00e5 razz karakter parret med et mere iset kick for en livlig, k\u00f8let frugtstemning.<\/li>\n<\/ul>\n<h3>Hvorfor du vil kunne lide det<\/h3>\n<p>Bygget til konsistens og komfort, denne engangs-vape har avanceret mesh-opvarmning for at hj\u00e6lpe med at levere <strong>j\u00e6vn smag<\/strong> og en <strong>glat ind\u00e5nding<\/strong> p\u00e5 tv\u00e6rs af alle tre kamre. Den <strong>smarte LED-display<\/strong> holder det v\u00e6sentlige synligt, viser <strong>batteri<\/strong> og <strong>e-v\u00e6ske niveau<\/strong> med et \u00f8jeblik\u2014s\u00e5 du ikke g\u00e6tter midt p\u00e5 dagen.<\/p>\n<h3>N\u00f8glespecifikationer<\/h3>\n<ul>\n<li><strong>Sug:<\/strong> op til 60000<\/li>\n<li><strong>Smage:<\/strong> Triple Flavor (3 kamre)<\/li>\n<li><strong>Coil\/Opvarmning:<\/strong> Dual-Mesh teknologi (med triple-mesh opvarmningssystem design)<\/li>\n<li><strong>E\u2011v\u00e6ske:<\/strong> 54ml i alt (18ml + 18ml + 18ml)<\/li>\n<li><strong>Nikotin muligheder:<\/strong> 0% \/ 2% \/ 3% \/ 5% (v\u00e6lg din pr\u00e6ference)<\/li>\n<li><strong>Batteri:<\/strong> 850mAh<\/li>\n<li><strong>Opladning:<\/strong> USB Type-C genopladelig<\/li>\n<li><strong>Display:<\/strong> Intelligent LED-sk\u00e6rm (batteri- &amp; v\u00e6skeindikatorer)<\/li>\n<li><strong>Tilstande:<\/strong> Pro &amp; Max versioner tilg\u00e6ngelige (str\u00f8mjustering)<\/li>\n<\/ul>\n<h3>Frisk Sommer-Stil Rotation, \u00c9n Enhed<\/h3>\n<p>Hvis du kan lide <strong>is vape smage<\/strong> og \u00f8nsker muligheder p\u00e5 eftersp\u00f8rgsel, denne <strong>triple flavor engangs-vape<\/strong> giver dig en fersken chill, en jordb\u00e6r nedk\u00f8ling og et dristigt bl\u00e5 razz bid\u2014klar n\u00e5r dit hum\u00f8r \u00e6ndrer sig.<\/p>\n<p><strong>Udforsk mere p\u00e5:<\/strong> <a href=\"https:\/\/fumot.uk\/da\/\" target=\"_blank\" rel=\"noopener\">fumot.uk<\/a><\/p>","protected":false},"excerpt":{"rendered":"<p>Skift mellem 3 iskolde frugtsmage\u2014Summer Peach Ice, Strawberry Ice &amp; Blue Razz Ice\u2014i \u00e9n UZY Triple Flavor 60000 Puffs engangsvape. 54ml, 850mAh, Type\u2011C, smart LED-sk\u00e6rm, nikotinmuligheder 0\u20135%.<\/p>","protected":false},"featured_media":1687,"comment_status":"open","ping_status":"closed","template":"","meta":[],"product_brand":[],"product_cat":[115,116,17],"product_tag":[117,20,57,22,72,73,29,30,26,37,118,28],"class_list":{"0":"post-1646","1":"product","2":"type-product","3":"status-publish","4":"has-post-thumbnail","6":"product_cat-60000-puff","7":"product_cat-uzy-triple-flavor-60000-puffs","8":"product_cat-vape","9":"product_tag-54ml","10":"product_tag-850mah","11":"product_tag-banana","12":"product_tag-blue-razz","13":"product_tag-direct-to-lung","14":"product_tag-dual-mesh","15":"product_tag-ice","16":"product_tag-peach","17":"product_tag-rechargeable","18":"product_tag-strawberry","19":"product_tag-triple-flavor","20":"product_tag-type-c","22":"first","23":"instock","24":"sale","25":"shipping-taxable","26":"purchasable","27":"product-type-variable"},"yoast_head":"<!-- This site is optimized with the Yoast SEO plugin v26.8 - https:\/\/yoast.com\/product\/yoast-seo-wordpress\/ -->\n<title>UZY Triple Flavor 60000 Puffs \u2013 Peach\/Strawberry\/Blue Razz<\/title>\n<meta name=\"description\" content=\"UZY Triple Flavor 60000 Puffs disposable vape with 3 iced fruit flavors: Summer Peach Ice, Strawberry Ice, Blue Razz Ice. 54ml, 850mAh, Type\u2011C, LED display.\" \/>\n<meta name=\"robots\" content=\"index, follow, max-snippet:-1, max-image-preview:large, max-video-preview:-1\" \/>\n<link rel=\"canonical\" href=\"https:\/\/fumot.uk\/da\/product\/summer-peach-ice-strawberry-ice-blue-razz-ice-uzy-triple-flavor-60000-puffs\/\" \/>\n<meta property=\"og:locale\" content=\"da_DK\" \/>\n<meta property=\"og:type\" content=\"article\" \/>\n<meta property=\"og:title\" content=\"UZY Triple Flavor 60000 Puffs \u2013 3 Iced Fruit Flavors in 1\" \/>\n<meta property=\"og:description\" content=\"Summer Peach Ice, Strawberry Ice &amp; Blue Razz Ice in a 3\u2011chamber disposable vape. 54ml e\u2011liquid, 850mAh rechargeable, Type\u2011C, smart LED display. Shop at fumot.uk.\" \/>\n<meta property=\"og:url\" content=\"https:\/\/fumot.uk\/da\/product\/summer-peach-ice-strawberry-ice-blue-razz-ice-uzy-triple-flavor-60000-puffs\/\" \/>\n<meta property=\"og:site_name\" content=\"Fumot Official Direct | Straight from the Factory, 100% Genuine\" \/>\n<meta property=\"article:modified_time\" content=\"2026-01-20T09:24:52+00:00\" \/>\n<meta property=\"og:image\" content=\"https:\/\/fumot.uk\/wp-content\/uploads\/2026\/01\/Summer-Peach-Ice-Strawberry-ice-Blue-Razz-Ice-UZY-Triple-Flavor-30000-Puffs-Disposable-Vape.jpg\" \/>\n\t<meta property=\"og:image:width\" content=\"1630\" \/>\n\t<meta property=\"og:image:height\" content=\"1630\" \/>\n\t<meta property=\"og:image:type\" content=\"image\/jpeg\" \/>\n<meta name=\"twitter:card\" content=\"summary_large_image\" \/>\n<meta name=\"twitter:label1\" content=\"Estimeret l\u00e6setid\" \/>\n\t<meta name=\"twitter:data1\" content=\"2 minutter\" \/>\n<script type=\"application\/ld+json\" class=\"yoast-schema-graph\">{\"@context\":\"https:\/\/schema.org\",\"@graph\":[{\"@type\":\"WebPage\",\"@id\":\"https:\/\/fumot.uk\/product\/summer-peach-ice-strawberry-ice-blue-razz-ice-uzy-triple-flavor-60000-puffs\/\",\"url\":\"https:\/\/fumot.uk\/product\/summer-peach-ice-strawberry-ice-blue-razz-ice-uzy-triple-flavor-60000-puffs\/\",\"name\":\"UZY Triple Flavor 60000 Puffs \u2013 Peach\/Strawberry\/Blue Razz\",\"isPartOf\":{\"@id\":\"https:\/\/fumot.uk\/#website\"},\"primaryImageOfPage\":{\"@id\":\"https:\/\/fumot.uk\/product\/summer-peach-ice-strawberry-ice-blue-razz-ice-uzy-triple-flavor-60000-puffs\/#primaryimage\"},\"image\":{\"@id\":\"https:\/\/fumot.uk\/product\/summer-peach-ice-strawberry-ice-blue-razz-ice-uzy-triple-flavor-60000-puffs\/#primaryimage\"},\"thumbnailUrl\":\"https:\/\/fumot.uk\/wp-content\/uploads\/2026\/01\/Summer-Peach-Ice-Strawberry-ice-Blue-Razz-Ice-UZY-Triple-Flavor-30000-Puffs-Disposable-Vape.jpg\",\"datePublished\":\"2026-01-20T08:20:46+00:00\",\"dateModified\":\"2026-01-20T09:24:52+00:00\",\"description\":\"UZY Triple Flavor 60000 Puffs disposable vape with 3 iced fruit flavors: Summer Peach Ice, Strawberry Ice, Blue Razz Ice. 54ml, 850mAh, Type\u2011C, LED display.\",\"breadcrumb\":{\"@id\":\"https:\/\/fumot.uk\/product\/summer-peach-ice-strawberry-ice-blue-razz-ice-uzy-triple-flavor-60000-puffs\/#breadcrumb\"},\"inLanguage\":\"da-DK\",\"potentialAction\":[{\"@type\":\"ReadAction\",\"target\":[\"https:\/\/fumot.uk\/product\/summer-peach-ice-strawberry-ice-blue-razz-ice-uzy-triple-flavor-60000-puffs\/\"]}]},{\"@type\":\"ImageObject\",\"inLanguage\":\"da-DK\",\"@id\":\"https:\/\/fumot.uk\/product\/summer-peach-ice-strawberry-ice-blue-razz-ice-uzy-triple-flavor-60000-puffs\/#primaryimage\",\"url\":\"https:\/\/fumot.uk\/wp-content\/uploads\/2026\/01\/Summer-Peach-Ice-Strawberry-ice-Blue-Razz-Ice-UZY-Triple-Flavor-30000-Puffs-Disposable-Vape.jpg\",\"contentUrl\":\"https:\/\/fumot.uk\/wp-content\/uploads\/2026\/01\/Summer-Peach-Ice-Strawberry-ice-Blue-Razz-Ice-UZY-Triple-Flavor-30000-Puffs-Disposable-Vape.jpg\",\"width\":1630,\"height\":1630},{\"@type\":\"BreadcrumbList\",\"@id\":\"https:\/\/fumot.uk\/product\/summer-peach-ice-strawberry-ice-blue-razz-ice-uzy-triple-flavor-60000-puffs\/#breadcrumb\",\"itemListElement\":[{\"@type\":\"ListItem\",\"position\":1,\"name\":\"Home\",\"item\":\"https:\/\/fumot.uk\/\"},{\"@type\":\"ListItem\",\"position\":2,\"name\":\"Shop\",\"item\":\"https:\/\/fumot.uk\/shop\/\"},{\"@type\":\"ListItem\",\"position\":3,\"name\":\"UZY Triple Flavor 60000 Puffs Disposable Vape \u2013 Summer Peach Ice \/ Strawberry Ice \/ Blue Razz Ice (54ml, 850mAh, Type\u2011C)\"}]},{\"@type\":\"WebSite\",\"@id\":\"https:\/\/fumot.uk\/#website\",\"url\":\"https:\/\/fumot.uk\/\",\"name\":\"Fumot Official Direct | Straight from the Factory, 100% Genuine\",\"description\":\"Official Website\",\"publisher\":{\"@id\":\"https:\/\/fumot.uk\/#organization\"},\"potentialAction\":[{\"@type\":\"SearchAction\",\"target\":{\"@type\":\"EntryPoint\",\"urlTemplate\":\"https:\/\/fumot.uk\/?s={search_term_string}\"},\"query-input\":{\"@type\":\"PropertyValueSpecification\",\"valueRequired\":true,\"valueName\":\"search_term_string\"}}],\"inLanguage\":\"da-DK\"},{\"@type\":\"Organization\",\"@id\":\"https:\/\/fumot.uk\/#organization\",\"name\":\"Fumot Official Direct | Straight from the Factory, 100% Genuine\",\"url\":\"https:\/\/fumot.uk\/\",\"logo\":{\"@type\":\"ImageObject\",\"inLanguage\":\"da-DK\",\"@id\":\"https:\/\/fumot.uk\/#\/schema\/logo\/image\/\",\"url\":\"https:\/\/fumot.uk\/wp-content\/uploads\/2026\/01\/cropped-fumot-logo1.png\",\"contentUrl\":\"https:\/\/fumot.uk\/wp-content\/uploads\/2026\/01\/cropped-fumot-logo1.png\",\"width\":152,\"height\":106,\"caption\":\"Fumot Official Direct | Straight from the Factory, 100% Genuine\"},\"image\":{\"@id\":\"https:\/\/fumot.uk\/#\/schema\/logo\/image\/\"}}]}<\/script>\n<!-- \/ Yoast SEO plugin. -->","yoast_head_json":{"title":"UZY Triple Flavor 60000 Puffs \u2013 Fersken\/Jordb\u00e6r\/Bl\u00e5 Razz","description":"UZY Triple Flavor 60000 Puffs engangs-vape med 3 isede frugtsmage: Sommerfersken Is, Jordb\u00e6r Is, Bl\u00e5 Hindb\u00e6r Is. 54ml, 850mAh, Type\u2011C, LED-display.","robots":{"index":"index","follow":"follow","max-snippet":"max-snippet:-1","max-image-preview":"max-image-preview:large","max-video-preview":"max-video-preview:-1"},"canonical":"https:\/\/fumot.uk\/da\/product\/summer-peach-ice-strawberry-ice-blue-razz-ice-uzy-triple-flavor-60000-puffs\/","og_locale":"da_DK","og_type":"article","og_title":"UZY Triple Flavor 60000 Puffs \u2013 3 Iced Fruit Flavors in 1","og_description":"Summer Peach Ice, Strawberry Ice & Blue Razz Ice in a 3\u2011chamber disposable vape. 54ml e\u2011liquid, 850mAh rechargeable, Type\u2011C, smart LED display. Shop at fumot.uk.","og_url":"https:\/\/fumot.uk\/da\/product\/summer-peach-ice-strawberry-ice-blue-razz-ice-uzy-triple-flavor-60000-puffs\/","og_site_name":"Fumot Official Direct | Straight from the Factory, 100% Genuine","article_modified_time":"2026-01-20T09:24:52+00:00","og_image":[{"width":1630,"height":1630,"url":"https:\/\/fumot.uk\/wp-content\/uploads\/2026\/01\/Summer-Peach-Ice-Strawberry-ice-Blue-Razz-Ice-UZY-Triple-Flavor-30000-Puffs-Disposable-Vape.jpg","type":"image\/jpeg"}],"twitter_card":"summary_large_image","twitter_misc":{"Estimeret l\u00e6setid":"2 minutter"},"schema":{"@context":"https:\/\/schema.org","@graph":[{"@type":"WebPage","@id":"https:\/\/fumot.uk\/product\/summer-peach-ice-strawberry-ice-blue-razz-ice-uzy-triple-flavor-60000-puffs\/","url":"https:\/\/fumot.uk\/product\/summer-peach-ice-strawberry-ice-blue-razz-ice-uzy-triple-flavor-60000-puffs\/","name":"UZY Triple Flavor 60000 Puffs \u2013 Fersken\/Jordb\u00e6r\/Bl\u00e5 Razz","isPartOf":{"@id":"https:\/\/fumot.uk\/#website"},"primaryImageOfPage":{"@id":"https:\/\/fumot.uk\/product\/summer-peach-ice-strawberry-ice-blue-razz-ice-uzy-triple-flavor-60000-puffs\/#primaryimage"},"image":{"@id":"https:\/\/fumot.uk\/product\/summer-peach-ice-strawberry-ice-blue-razz-ice-uzy-triple-flavor-60000-puffs\/#primaryimage"},"thumbnailUrl":"https:\/\/fumot.uk\/wp-content\/uploads\/2026\/01\/Summer-Peach-Ice-Strawberry-ice-Blue-Razz-Ice-UZY-Triple-Flavor-30000-Puffs-Disposable-Vape.jpg","datePublished":"2026-01-20T08:20:46+00:00","dateModified":"2026-01-20T09:24:52+00:00","description":"UZY Triple Flavor 60000 Puffs engangs-vape med 3 isede frugtsmage: Sommerfersken Is, Jordb\u00e6r Is, Bl\u00e5 Hindb\u00e6r Is. 54ml, 850mAh, Type\u2011C, LED-display.","breadcrumb":{"@id":"https:\/\/fumot.uk\/product\/summer-peach-ice-strawberry-ice-blue-razz-ice-uzy-triple-flavor-60000-puffs\/#breadcrumb"},"inLanguage":"da-DK","potentialAction":[{"@type":"ReadAction","target":["https:\/\/fumot.uk\/product\/summer-peach-ice-strawberry-ice-blue-razz-ice-uzy-triple-flavor-60000-puffs\/"]}]},{"@type":"ImageObject","inLanguage":"da-DK","@id":"https:\/\/fumot.uk\/product\/summer-peach-ice-strawberry-ice-blue-razz-ice-uzy-triple-flavor-60000-puffs\/#primaryimage","url":"https:\/\/fumot.uk\/wp-content\/uploads\/2026\/01\/Summer-Peach-Ice-Strawberry-ice-Blue-Razz-Ice-UZY-Triple-Flavor-30000-Puffs-Disposable-Vape.jpg","contentUrl":"https:\/\/fumot.uk\/wp-content\/uploads\/2026\/01\/Summer-Peach-Ice-Strawberry-ice-Blue-Razz-Ice-UZY-Triple-Flavor-30000-Puffs-Disposable-Vape.jpg","width":1630,"height":1630},{"@type":"BreadcrumbList","@id":"https:\/\/fumot.uk\/product\/summer-peach-ice-strawberry-ice-blue-razz-ice-uzy-triple-flavor-60000-puffs\/#breadcrumb","itemListElement":[{"@type":"ListItem","position":1,"name":"Home","item":"https:\/\/fumot.uk\/"},{"@type":"ListItem","position":2,"name":"Shop","item":"https:\/\/fumot.uk\/shop\/"},{"@type":"ListItem","position":3,"name":"UZY Triple Flavor 60000 Puffs Disposable Vape \u2013 Summer Peach Ice \/ Strawberry Ice \/ Blue Razz Ice (54ml, 850mAh, Type\u2011C)"}]},{"@type":"WebSite","@id":"https:\/\/fumot.uk\/#website","url":"https:\/\/fumot.uk\/","name":"Fumot Official Direct | Direkte fra fabrikken, 100% \u00c6gte","description":"Officiel hjemmeside","publisher":{"@id":"https:\/\/fumot.uk\/#organization"},"potentialAction":[{"@type":"SearchAction","target":{"@type":"EntryPoint","urlTemplate":"https:\/\/fumot.uk\/?s={search_term_string}"},"query-input":{"@type":"PropertyValueSpecification","valueRequired":true,"valueName":"search_term_string"}}],"inLanguage":"da-DK"},{"@type":"Organization","@id":"https:\/\/fumot.uk\/#organization","name":"Fumot Official Direct | Direkte fra fabrikken, 100% \u00c6gte","url":"https:\/\/fumot.uk\/","logo":{"@type":"ImageObject","inLanguage":"da-DK","@id":"https:\/\/fumot.uk\/#\/schema\/logo\/image\/","url":"https:\/\/fumot.uk\/wp-content\/uploads\/2026\/01\/cropped-fumot-logo1.png","contentUrl":"https:\/\/fumot.uk\/wp-content\/uploads\/2026\/01\/cropped-fumot-logo1.png","width":152,"height":106,"caption":"Fumot Official Direct | Straight from the Factory, 100% Genuine"},"image":{"@id":"https:\/\/fumot.uk\/#\/schema\/logo\/image\/"}}]}},"_links":{"self":[{"href":"https:\/\/fumot.uk\/da\/wp-json\/wp\/v2\/product\/1646","targetHints":{"allow":["GET"]}}],"collection":[{"href":"https:\/\/fumot.uk\/da\/wp-json\/wp\/v2\/product"}],"about":[{"href":"https:\/\/fumot.uk\/da\/wp-json\/wp\/v2\/types\/product"}],"replies":[{"embeddable":true,"href":"https:\/\/fumot.uk\/da\/wp-json\/wp\/v2\/comments?post=1646"}],"wp:featuredmedia":[{"embeddable":true,"href":"https:\/\/fumot.uk\/da\/wp-json\/wp\/v2\/media\/1687"}],"wp:attachment":[{"href":"https:\/\/fumot.uk\/da\/wp-json\/wp\/v2\/media?parent=1646"}],"wp:term":[{"taxonomy":"product_brand","embeddable":true,"href":"https:\/\/fumot.uk\/da\/wp-json\/wp\/v2\/product_brand?post=1646"},{"taxonomy":"product_cat","embeddable":true,"href":"https:\/\/fumot.uk\/da\/wp-json\/wp\/v2\/product_cat?post=1646"},{"taxonomy":"product_tag","embeddable":true,"href":"https:\/\/fumot.uk\/da\/wp-json\/wp\/v2\/product_tag?post=1646"}],"curies":[{"name":"wp","href":"https:\/\/api.w.org\/{rel}","templated":true}]}}