{"id":6787,"date":"2026-01-23T02:19:15","date_gmt":"2026-01-23T02:19:15","guid":{"rendered":"https:\/\/fumot.uk\/?page_id=6787"},"modified":"2026-01-23T02:19:15","modified_gmt":"2026-01-23T02:19:15","slug":"terms-of-service","status":"publish","type":"page","link":"https:\/\/fumot.uk\/da\/terms-of-service\/","title":{"rendered":"Servicevilk\u00e5r"},"content":{"rendered":"<h2>Servicevilk\u00e5r<\/h2>\n<p><strong>Sidst opdateret: 22. januar 2026<\/strong><\/p>\n<p>Velkommen til <strong>fumot.uk<\/strong> (den \u201cWebside\u201d). Disse Servicevilk\u00e5r (\u201cVilk\u00e5r\u201d) regulerer din adgang til og brug af Websiden og k\u00f8b af produkter fra os.<\/p>\n<p>Ved at tilg\u00e5, browse eller k\u00f8be fra fumot.uk, accepterer du at v\u00e6re bundet af disse Vilk\u00e5r. Hvis du IKKE accepterer, m\u00e5 du ikke bruge Websiden eller afgive nogen bestillinger.<\/p>\n<div class=\"warning\"><strong>VIGTIGT \u2013 ALDERSBEGR\u00c6NSNING<\/strong><\/p>\n<p>Denne Webside s\u00e6lger produkter, der indeholder nikotin. Under britisk lov (Nicotine Inhaling Products (Age of Sale and Proxy Purchasing) Regulations 2015) er det ulovligt at s\u00e6lge nikotinprodukter til personer under 18 \u00e5r.<\/p>\n<p><span class=\"important\">Du skal v\u00e6re mindst 18 \u00e5r gammel for at k\u00f8be produkter fra fumot.uk.<\/span><br \/>\nVi bruger aldersverifikationsprocesser ved kassen. Ved at afgive en ordre erkl\u00e6rer du, at du er 18 \u00e5r eller \u00e6ldre.<\/div>\n<h3>1. Information Om Os<\/h3>\n<p>fumot.uk drives af [Dit Firmanavn \/ Din Juridiske Enhed], registreret i [England og Wales \/ Skotland osv.] under firmanummer [Dit Firmanummer], med registreret kontor p\u00e5 [Din Fuldst\u00e6ndige Adresse].<\/p>\n<p>Momsnummer: [Dit momsnummer, hvis relevant]<\/p>\n<h3>2. Produkter \u2013 Vigtige Advarsler<\/h3>\n<ul>\n<li>Alle produkter, der s\u00e6lges p\u00e5 fumot.uk, indeholder nikotin, medmindre det klart er angivet som 0mg \/ nikotinfri.<\/li>\n<li><strong>ADVARSEL:<\/strong> Nikotin er et vanedannende kemikalie.<\/li>\n<li>Vores produkter er beregnet til brug af eksisterende voksne rygere og dampere. De er ikke egnede til ikke-rygere, gravide eller ammende kvinder, personer med hjertesygdomme, h\u00f8jt blodtryk, diabetes eller personer, der tager medicin mod depression eller astma.<\/li>\n<li>Engangsdampere er elektroniske cigaretter til engangsbrug. N\u00e5r batteriet eller e-v\u00e6sken er opbrugt, skal produktet bortskaffes ansvarligt i henhold til lokale WEEE-regler \u2013 m\u00e5 IKKE smides i husholdningsaffald.<\/li>\n<\/ul>\n<h3>3. Bestillinger &amp; Kontraktdannelse<\/h3>\n<p>Visning af produkter p\u00e5 Websiden udg\u00f8r ikke et tilbud om salg. Din bestilling er et tilbud om k\u00f8b. En kontrakt dannes f\u00f8rst, n\u00e5r vi sender dig en ordrebekr\u00e6ftelses-e-mail.<\/p>\n<p>Vi forbeholder os retten til at afvise eller annullere enhver bestilling (selv efter bekr\u00e6ftelse) af enhver \u00e5rsag, herunder men ikke begr\u00e6nset til:<\/p>\n<ul>\n<li>Mistanke om k\u00f8b af mindre\u00e5rige<\/li>\n<li>Fejl i aldersverifikation<\/li>\n<li>Lagerudt\u00f8mning<\/li>\n<li>Prisfejl<\/li>\n<li>Mistanke om svindel<\/li>\n<\/ul>\n<h3>4. Priser &amp; Betaling<\/h3>\n<p>Alle priser er i GBP og inkluderer moms, hvor det er relevant. Leveringsomkostninger vises separat.<\/p>\n<p>Vi accepterer st\u00f8rre kredit-\/debitkort og andre betalingsmetoder, der vises ved kassen. Betaling behandles sikkert via [Din Betalingsudbyder f.eks. Stripe \/ PayPal].<\/p>\n<h3>5. Levering<\/h3>\n<p>Vi sigter mod at sende bestillinger inden for [1\u20132] arbejdsdage. Leveringstider er kun estimater.<\/p>\n<p>Risikoen for tab overg\u00e5r til dig ved levering. Ejendomsretten overg\u00e5r, n\u00e5r vi modtager fuld betaling.<\/p>\n<h3>6. Returnering &amp; Refusion \u2013 Engangsdampere<\/h3>\n<p>P\u00e5 grund af hygiejne- og produktsikkerheds\u00e5rsager accepterer vi ikke returnering eller refusion af brugte eller \u00e5bnede engangsdampere.<\/p>\n<p>U\u00e5bnede, ubrugte engangsdampere kan returneres inden for 14 dage efter levering under Forbrugerkontraktreglerne, forudsat at de er i gensalgsbar stand. Returporto er dit ansvar.<\/p>\n<p>Defekte \/ fejlbeh\u00e6ftede produkter er d\u00e6kket under vores lovbestemte garantirettigheder.<\/p>\n<h3>7. Aldersverifikationspolitik<\/h3>\n<p>Vi er juridisk forpligtet til at verificere, at alle kunder er 18+. Vi kan bruge tredjeparts aldersverifikationstjenester og\/eller anmode om fotografisk ID f\u00f8r behandling eller afsendelse af bestillinger.<\/p>\n<h3>8. Ansvarsbegr\u00e6nsning<\/h3>\n<p>I det omfang loven tillader det, skal vores samlede ansvar over for dig ikke overstige det bel\u00f8b, du har betalt for det\/de p\u00e5g\u00e6ldende produkt(er).<\/p>\n<p>Vi er ikke ansvarlige for indirekte, konsekvensm\u00e6ssige eller s\u00e6rlige tab (herunder tab af fortjeneste, data, nydelse af dampning osv.).<\/p>\n<h3>9. Intellektuel Ejendom<\/h3>\n<p>Alt indhold p\u00e5 fumot.uk (tekst, billeder, logoer, produktbeskrivelser) er vores ejendom eller licenseret til os. Du m\u00e5 ikke reproducere eller bruge det uden tilladelse.<\/p>\n<h3>10. Lovgivning &amp; Jurisdiktion<\/h3>\n<p>Disse Vilk\u00e5r er underlagt lovgivningen i England og Wales. Eventuelle tvister skal v\u00e6re underlagt de engelske og walisiske domstoles eksklusive jurisdiktion.<\/p>\n<h3>11. \u00c6ndringer af Disse Vilk\u00e5r<\/h3>\n<p>Vi kan opdatere disse Vilk\u00e5r fra tid til anden. Den aktuelle version vises altid p\u00e5 denne side. Fortsat brug af Websiden efter \u00e6ndringer udg\u00f8r accept.<\/p>","protected":false},"excerpt":{"rendered":"<p>Servicevilk\u00e5r Sidst opdateret: 22. januar 2026 Velkommen til fumot.uk (\u201cWebsiden\u201d). Disse Servicevilk\u00e5r (\u201cVilk\u00e5r\u201d) styrer din adgang til og brug af Websiden samt k\u00f8b af produkter fra os. Ved at f\u00e5 adgang til, gennemse eller k\u00f8be fra fumot.uk, accepterer du at v\u00e6re bundet af disse Vilk\u00e5r. Hvis du IKKE accepterer, du [\u2026]<\/p>","protected":false},"author":1,"featured_media":0,"parent":0,"menu_order":0,"comment_status":"closed","ping_status":"closed","template":"","meta":{"footnotes":""},"class_list":["post-6787","page","type-page","status-publish","hentry"],"yoast_head":"<!-- This site is optimized with the Yoast SEO plugin v26.8 - https:\/\/yoast.com\/product\/yoast-seo-wordpress\/ -->\n<title>Terms of Service - Fumot Official Direct | Straight from the Factory, 100% Genuine<\/title>\n<meta name=\"description\" content=\"Latest Fumot disposable vapes at fumot.uk \u2013 massive flavour selection, unbeatable puff counts &amp; speedy UK delivery. Must be 18+. Shop now!\" \/>\n<meta name=\"robots\" content=\"index, follow, max-snippet:-1, max-image-preview:large, max-video-preview:-1\" \/>\n<link rel=\"canonical\" href=\"https:\/\/fumot.uk\/da\/terms-of-service\/\" \/>\n<meta property=\"og:locale\" content=\"da_DK\" \/>\n<meta property=\"og:type\" content=\"article\" \/>\n<meta property=\"og:title\" content=\"Terms of Service - Fumot Official Direct | Straight from the Factory, 100% Genuine\" \/>\n<meta property=\"og:description\" content=\"Latest Fumot disposable vapes at fumot.uk \u2013 massive flavour selection, unbeatable puff counts &amp; speedy UK delivery. Must be 18+. Shop now!\" \/>\n<meta property=\"og:url\" content=\"https:\/\/fumot.uk\/da\/terms-of-service\/\" \/>\n<meta property=\"og:site_name\" content=\"Fumot Official Direct | Straight from the Factory, 100% Genuine\" \/>\n<meta name=\"twitter:card\" content=\"summary_large_image\" \/>\n<meta name=\"twitter:label1\" content=\"Estimeret l\u00e6setid\" \/>\n\t<meta name=\"twitter:data1\" content=\"3 minutter\" \/>\n<script type=\"application\/ld+json\" class=\"yoast-schema-graph\">{\"@context\":\"https:\/\/schema.org\",\"@graph\":[{\"@type\":\"WebPage\",\"@id\":\"https:\/\/fumot.uk\/terms-of-service\/\",\"url\":\"https:\/\/fumot.uk\/terms-of-service\/\",\"name\":\"Terms of Service - Fumot Official Direct | Straight from the Factory, 100% Genuine\",\"isPartOf\":{\"@id\":\"https:\/\/fumot.uk\/#website\"},\"datePublished\":\"2026-01-23T02:19:15+00:00\",\"description\":\"Latest Fumot disposable vapes at fumot.uk \u2013 massive flavour selection, unbeatable puff counts & speedy UK delivery. Must be 18+. Shop now!\",\"breadcrumb\":{\"@id\":\"https:\/\/fumot.uk\/terms-of-service\/#breadcrumb\"},\"inLanguage\":\"da-DK\",\"potentialAction\":[{\"@type\":\"ReadAction\",\"target\":[\"https:\/\/fumot.uk\/terms-of-service\/\"]}]},{\"@type\":\"BreadcrumbList\",\"@id\":\"https:\/\/fumot.uk\/terms-of-service\/#breadcrumb\",\"itemListElement\":[{\"@type\":\"ListItem\",\"position\":1,\"name\":\"Home\",\"item\":\"https:\/\/fumot.uk\/\"},{\"@type\":\"ListItem\",\"position\":2,\"name\":\"Terms of Service\"}]},{\"@type\":\"WebSite\",\"@id\":\"https:\/\/fumot.uk\/#website\",\"url\":\"https:\/\/fumot.uk\/\",\"name\":\"Fumot Official Direct | Straight from the Factory, 100% Genuine\",\"description\":\"Official Website\",\"publisher\":{\"@id\":\"https:\/\/fumot.uk\/#organization\"},\"potentialAction\":[{\"@type\":\"SearchAction\",\"target\":{\"@type\":\"EntryPoint\",\"urlTemplate\":\"https:\/\/fumot.uk\/?s={search_term_string}\"},\"query-input\":{\"@type\":\"PropertyValueSpecification\",\"valueRequired\":true,\"valueName\":\"search_term_string\"}}],\"inLanguage\":\"da-DK\"},{\"@type\":\"Organization\",\"@id\":\"https:\/\/fumot.uk\/#organization\",\"name\":\"Fumot Official Direct | Straight from the Factory, 100% Genuine\",\"url\":\"https:\/\/fumot.uk\/\",\"logo\":{\"@type\":\"ImageObject\",\"inLanguage\":\"da-DK\",\"@id\":\"https:\/\/fumot.uk\/#\/schema\/logo\/image\/\",\"url\":\"https:\/\/fumot.uk\/wp-content\/uploads\/2026\/01\/cropped-fumot-logo1.png\",\"contentUrl\":\"https:\/\/fumot.uk\/wp-content\/uploads\/2026\/01\/cropped-fumot-logo1.png\",\"width\":152,\"height\":106,\"caption\":\"Fumot Official Direct | Straight from the Factory, 100% Genuine\"},\"image\":{\"@id\":\"https:\/\/fumot.uk\/#\/schema\/logo\/image\/\"}}]}<\/script>\n<!-- \/ Yoast SEO plugin. -->","yoast_head_json":{"title":"Servicevilk\u00e5r - Fumot Official Direct | Direkte fra fabrikken, 100% \u00c6gte","description":"Seneste Fumot engangsvapes p\u00e5 fumot.uk \u2013 enormt udvalg af smagsvarianter, uovertrufne antal pust &amp; hurtig levering i Storbritannien. Skal v\u00e6re 18+. K\u00f8b nu!","robots":{"index":"index","follow":"follow","max-snippet":"max-snippet:-1","max-image-preview":"max-image-preview:large","max-video-preview":"max-video-preview:-1"},"canonical":"https:\/\/fumot.uk\/da\/terms-of-service\/","og_locale":"da_DK","og_type":"article","og_title":"Terms of Service - Fumot Official Direct | Straight from the Factory, 100% Genuine","og_description":"Latest Fumot disposable vapes at fumot.uk \u2013 massive flavour selection, unbeatable puff counts & speedy UK delivery. Must be 18+. Shop now!","og_url":"https:\/\/fumot.uk\/da\/terms-of-service\/","og_site_name":"Fumot Official Direct | Straight from the Factory, 100% Genuine","twitter_card":"summary_large_image","twitter_misc":{"Estimeret l\u00e6setid":"3 minutter"},"schema":{"@context":"https:\/\/schema.org","@graph":[{"@type":"WebPage","@id":"https:\/\/fumot.uk\/terms-of-service\/","url":"https:\/\/fumot.uk\/terms-of-service\/","name":"Servicevilk\u00e5r - Fumot Official Direct | Direkte fra fabrikken, 100% \u00c6gte","isPartOf":{"@id":"https:\/\/fumot.uk\/#website"},"datePublished":"2026-01-23T02:19:15+00:00","description":"Seneste Fumot engangsvapes p\u00e5 fumot.uk \u2013 enormt udvalg af smagsvarianter, uovertrufne antal pust &amp; hurtig levering i Storbritannien. Skal v\u00e6re 18+. K\u00f8b nu!","breadcrumb":{"@id":"https:\/\/fumot.uk\/terms-of-service\/#breadcrumb"},"inLanguage":"da-DK","potentialAction":[{"@type":"ReadAction","target":["https:\/\/fumot.uk\/terms-of-service\/"]}]},{"@type":"BreadcrumbList","@id":"https:\/\/fumot.uk\/terms-of-service\/#breadcrumb","itemListElement":[{"@type":"ListItem","position":1,"name":"Home","item":"https:\/\/fumot.uk\/"},{"@type":"ListItem","position":2,"name":"Terms of Service"}]},{"@type":"WebSite","@id":"https:\/\/fumot.uk\/#website","url":"https:\/\/fumot.uk\/","name":"Fumot Official Direct | Direkte fra fabrikken, 100% \u00c6gte","description":"Officiel hjemmeside","publisher":{"@id":"https:\/\/fumot.uk\/#organization"},"potentialAction":[{"@type":"SearchAction","target":{"@type":"EntryPoint","urlTemplate":"https:\/\/fumot.uk\/?s={search_term_string}"},"query-input":{"@type":"PropertyValueSpecification","valueRequired":true,"valueName":"search_term_string"}}],"inLanguage":"da-DK"},{"@type":"Organization","@id":"https:\/\/fumot.uk\/#organization","name":"Fumot Official Direct | Direkte fra fabrikken, 100% \u00c6gte","url":"https:\/\/fumot.uk\/","logo":{"@type":"ImageObject","inLanguage":"da-DK","@id":"https:\/\/fumot.uk\/#\/schema\/logo\/image\/","url":"https:\/\/fumot.uk\/wp-content\/uploads\/2026\/01\/cropped-fumot-logo1.png","contentUrl":"https:\/\/fumot.uk\/wp-content\/uploads\/2026\/01\/cropped-fumot-logo1.png","width":152,"height":106,"caption":"Fumot Official Direct | Straight from the Factory, 100% Genuine"},"image":{"@id":"https:\/\/fumot.uk\/#\/schema\/logo\/image\/"}}]}},"_links":{"self":[{"href":"https:\/\/fumot.uk\/da\/wp-json\/wp\/v2\/pages\/6787","targetHints":{"allow":["GET"]}}],"collection":[{"href":"https:\/\/fumot.uk\/da\/wp-json\/wp\/v2\/pages"}],"about":[{"href":"https:\/\/fumot.uk\/da\/wp-json\/wp\/v2\/types\/page"}],"author":[{"embeddable":true,"href":"https:\/\/fumot.uk\/da\/wp-json\/wp\/v2\/users\/1"}],"replies":[{"embeddable":true,"href":"https:\/\/fumot.uk\/da\/wp-json\/wp\/v2\/comments?post=6787"}],"version-history":[{"count":1,"href":"https:\/\/fumot.uk\/da\/wp-json\/wp\/v2\/pages\/6787\/revisions"}],"predecessor-version":[{"id":6789,"href":"https:\/\/fumot.uk\/da\/wp-json\/wp\/v2\/pages\/6787\/revisions\/6789"}],"wp:attachment":[{"href":"https:\/\/fumot.uk\/da\/wp-json\/wp\/v2\/media?parent=6787"}],"curies":[{"name":"wp","href":"https:\/\/api.w.org\/{rel}","templated":true}]}}