{"id":6779,"date":"2026-01-23T01:52:57","date_gmt":"2026-01-23T01:52:57","guid":{"rendered":"https:\/\/fumot.uk\/?page_id=6779"},"modified":"2026-01-23T01:52:57","modified_gmt":"2026-01-23T01:52:57","slug":"shipping-info","status":"publish","type":"page","link":"https:\/\/fumot.uk\/da\/shipping-info\/","title":{"rendered":"Forsendelsesinfo"},"content":{"rendered":"<div class=\"entry-content\">\n<h2>Forsendelsesinfo<\/h2>\n<h3>1. Ordrebehandling &amp; Afsendelse<\/h3>\n<ul>\n<li>Ordrer behandles og sendes typisk inden for 1\u20133 hverdage.<\/li>\n<li>Leveringstiden varierer normalt fra 7 til 15 hverdage efter afsendelse.<\/li>\n<li>Bem\u00e6rk venligst: Vi behandler eller sender ikke ordrer i weekender eller p\u00e5 helligdage.<\/li>\n<\/ul>\n<h3>2. Sporing af din pakke<\/h3>\n<ul>\n<li>N\u00e5r din ordre er blevet afsendt, vil du modtage et sporingsnummer via e-mail.<\/li>\n<li>Du kan overv\u00e5ge din pakkestatus n\u00e5r som helst ved at bruge sporingsnummeret p\u00e5 <strong>17track.net<\/strong>.<\/li>\n<li>Sporingsoplysninger kan tage 1\u20132 dage at blive aktive efter forsendelse.<\/li>\n<\/ul>\n<h3>3. Ordre\u00e6ndringer &amp; Annulleringer<\/h3>\n<ul>\n<li>Du kan annullere din ordre eller opdatere leveringsadressen n\u00e5r som helst, f\u00f8r varerne er afsendt.<\/li>\n<li>N\u00e5r pakken har forladt vores facilitet, kan der ikke foretages adresse\u00e6ndringer eller refusioner.<\/li>\n<li>Gratis levering er tilg\u00e6ngelig for ordrer leveret til USA og Australien.<\/li>\n<\/ul>\n<h3>4. DDP Forsendelse (Delivery Duty Paid)<\/h3>\n<p>For udvalgte lande tilbyder vi **Delivery Duty Paid (DDP)** service, hvilket betyder, at du ikke beh\u00f8ver at h\u00e5ndtere toldklarering eller betale nogen importafgifter\/skatter ved ankomst. Tilg\u00e6ngelige muligheder inkluderer:<\/p>\n<ul>\n<li><strong>USA:<\/strong> UPS Express (eksklusive Alaska og Hawaii)<\/li>\n<li><strong>Storbritannien:<\/strong> Lokal DPD Express<\/li>\n<li><strong>Europa (generelt):<\/strong> UPS Express \/ DPD Express \/ DHL Express<\/li>\n<\/ul>\n<p><strong>DDP service er tilg\u00e6ngelig i f\u00f8lgende europ\u00e6iske lande:<\/strong> Tyskland, Belgien, Luxembourg, Nederlandene, Tjekkiet, Polen, Kroatien, Slovakiet, Slovenien, Finland, Danmark, Sverige, \u00d8strig, Frankrig, Italien, Ungarn, Bulgarien, Litauen, Estland, Letland, Gr\u00e6kenland, Irland, Portugal, Spanien.<\/p>\n<h3>5. Ansl\u00e5ede Leveringstider efter Land\/Region<\/h3>\n<p>Nedenfor er en oversigt over forsendelsesmetoder og omtrentlige leveringstider for popul\u00e6re destinationer:<\/p>\n<table>\n<thead>\n<tr>\n<th>Land \/ Region<\/th>\n<th>Forsendelsesmetode<\/th>\n<th>Ansl\u00e5et Leveringstid<\/th>\n<\/tr>\n<\/thead>\n<tbody>\n<tr>\n<td>USA<\/td>\n<td>Lokal UPS Ground<\/td>\n<td>10\u201315 hverdage<\/td>\n<\/tr>\n<tr>\n<td>Storbritannien<\/td>\n<td>Lokal DPD Express<\/td>\n<td>7\u201312 hverdage<\/td>\n<\/tr>\n<tr>\n<td>Tyskland<\/td>\n<td>UPS \/ DPD \/ DHL<\/td>\n<td>8\u201315 hverdage<\/td>\n<\/tr>\n<tr>\n<td>Frankrig<\/td>\n<td>UPS \/ DPD \/ DHL<\/td>\n<td>10\u201315 hverdage<\/td>\n<\/tr>\n<tr>\n<td>Belgien<\/td>\n<td>UPS \/ DPD \/ DHL<\/td>\n<td>10\u201315 hverdage<\/td>\n<\/tr>\n<tr>\n<td>Luxembourg<\/td>\n<td>UPS \/ DPD \/ DHL<\/td>\n<td>10\u201315 hverdage<\/td>\n<\/tr>\n<tr>\n<td>Nederlandene<\/td>\n<td>UPS \/ DPD \/ DHL<\/td>\n<td>10\u201315 hverdage<\/td>\n<\/tr>\n<tr>\n<td>Tjekkiet<\/td>\n<td>UPS \/ DPD \/ DHL<\/td>\n<td>10\u201315 hverdage<\/td>\n<\/tr>\n<tr>\n<td>Polen<\/td>\n<td>UPS \/ DPD \/ DHL<\/td>\n<td>10\u201315 hverdage<\/td>\n<\/tr>\n<tr>\n<td>Kroatien<\/td>\n<td>UPS \/ DPD \/ DHL<\/td>\n<td>10\u201315 hverdage<\/td>\n<\/tr>\n<tr>\n<td>Slovakiet<\/td>\n<td>UPS \/ DPD \/ DHL<\/td>\n<td>10\u201315 hverdage<\/td>\n<\/tr>\n<tr>\n<td>Slovenien<\/td>\n<td>UPS \/ DPD \/ DHL<\/td>\n<td>10\u201315 hverdage<\/td>\n<\/tr>\n<tr>\n<td>Finland<\/td>\n<td>UPS \/ DPD \/ DHL<\/td>\n<td>10\u201315 hverdage<\/td>\n<\/tr>\n<tr>\n<td>Danmark<\/td>\n<td>UPS \/ DPD \/ DHL<\/td>\n<td>10\u201315 hverdage<\/td>\n<\/tr>\n<tr>\n<td>Sverige<\/td>\n<td>UPS \/ DPD \/ DHL<\/td>\n<td>10\u201315 hverdage<\/td>\n<\/tr>\n<tr>\n<td>\u00d8strig<\/td>\n<td>UPS \/ DPD \/ DHL<\/td>\n<td>10\u201315 hverdage<\/td>\n<\/tr>\n<tr>\n<td>Italien<\/td>\n<td>UPS \/ DPD \/ DHL<\/td>\n<td>10\u201315 hverdage<\/td>\n<\/tr>\n<tr>\n<td>Ungarn<\/td>\n<td>UPS \/ DPD \/ DHL<\/td>\n<td>10\u201315 hverdage<\/td>\n<\/tr>\n<tr>\n<td>Litauen<\/td>\n<td>UPS \/ DPD \/ DHL<\/td>\n<td>10\u201315 hverdage<\/td>\n<\/tr>\n<tr>\n<td>Estland<\/td>\n<td>UPS \/ DPD \/ DHL<\/td>\n<td>10\u201315 hverdage<\/td>\n<\/tr>\n<tr>\n<td>Letland<\/td>\n<td>UPS \/ DPD \/ DHL<\/td>\n<td>10\u201315 hverdage<\/td>\n<\/tr>\n<tr>\n<td>Gr\u00e6kenland<\/td>\n<td>UPS \/ DPD \/ DHL<\/td>\n<td>10\u201315 hverdage<\/td>\n<\/tr>\n<tr>\n<td>Irland<\/td>\n<td>UPS \/ DPD \/ DHL<\/td>\n<td>10\u201315 hverdage<\/td>\n<\/tr>\n<tr>\n<td>Portugal<\/td>\n<td>UPS \/ DPD \/ DHL<\/td>\n<td>10\u201315 hverdage<\/td>\n<\/tr>\n<tr>\n<td>Spanien<\/td>\n<td>UPS \/ DPD \/ DHL<\/td>\n<td>10\u201315 hverdage<\/td>\n<\/tr>\n<tr>\n<td>UAE (Dubai omr\u00e5de)<\/td>\n<td>Dubai dedikeret rute<\/td>\n<td>12\u201318 hverdage<\/td>\n<\/tr>\n<tr>\n<td>Sydafrika<\/td>\n<td>Sydafrika dedikeret rute<\/td>\n<td>15\u201325 hverdage<\/td>\n<\/tr>\n<tr>\n<td>Vietnam<\/td>\n<td>Dedikeret rute til Vietnam<\/td>\n<td>3\u20135 hverdage<\/td>\n<\/tr>\n<tr>\n<td>Vestmalaysia<\/td>\n<td>Dedikeret rute til Malaysia<\/td>\n<td>4\u20138 hverdage<\/td>\n<\/tr>\n<\/tbody>\n<\/table>\n<h3>6. Toldklarering &amp; Importafgifter<\/h3>\n<ul>\n<li>For destinationer, der ikke er opf\u00f8rt under DDP-service, vil toldklarering og betaling af eventuelle g\u00e6ldende afgifter, skatter eller h\u00e5ndteringsgebyrer v\u00e6re modtagerens ansvar ved ankomst.<\/li>\n<li>Vi anbefaler at tjekke med dit lokale toldkontor for detaljer om potentielle afgifter og krav.<\/li>\n<li>I nogle tilf\u00e6lde kan toldmyndighederne anmode om en kommerciel faktura eller erhvervslicens.<\/li>\n<\/ul>\n<p>At <a href=\"https:\/\/fumot.uk\/da\/\">fumot.uk<\/a>, vi str\u00e6ber efter at levere hurtige, p\u00e5lidelige og transparente forsendelsestjenester. Hvis du har sp\u00f8rgsm\u00e5l eller har brug for hj\u00e6lp, er du velkommen til at kontakte os n\u00e5r som helst.<\/p>\n<\/div>","protected":false},"excerpt":{"rendered":"<p>Ordrebehandling &amp; Afsendelse Ordrer behandles og sendes typisk inden for 1\u20133 arbejdsdage. Leveringstiden ligger normalt mellem 7 og 15 arbejdsdage efter afsendelse. Bem\u00e6rk venligst: Vi behandler eller sender ikke ordrer i weekender eller p\u00e5 helligdage.<\/p>","protected":false},"author":1,"featured_media":0,"parent":0,"menu_order":0,"comment_status":"closed","ping_status":"closed","template":"","meta":{"footnotes":""},"class_list":["post-6779","page","type-page","status-publish","hentry"],"yoast_head":"<!-- This site is optimized with the Yoast SEO plugin v26.8 - https:\/\/yoast.com\/product\/yoast-seo-wordpress\/ -->\n<title>Shipping Info - Fumot Official Direct | Straight from the Factory, 100% Genuine<\/title>\n<meta name=\"description\" content=\"Fumot.uk Shipping: 1\u20133 day processing, 7\u201315 day worldwide delivery, free shipping to US &amp; Australia, DDP customs-paid options across Europe &amp; UK, easy 17track tracking. Order with confidence today!\" \/>\n<meta name=\"robots\" content=\"index, follow, max-snippet:-1, max-image-preview:large, max-video-preview:-1\" \/>\n<link rel=\"canonical\" href=\"https:\/\/fumot.uk\/da\/shipping-info\/\" \/>\n<meta property=\"og:locale\" content=\"da_DK\" \/>\n<meta property=\"og:type\" content=\"article\" \/>\n<meta property=\"og:title\" content=\"Shipping Info - Fumot Official Direct | Straight from the Factory, 100% Genuine\" \/>\n<meta property=\"og:description\" content=\"Fumot.uk Shipping: 1\u20133 day processing, 7\u201315 day worldwide delivery, free shipping to US &amp; Australia, DDP customs-paid options across Europe &amp; UK, easy 17track tracking. Order with confidence today!\" \/>\n<meta property=\"og:url\" content=\"https:\/\/fumot.uk\/da\/shipping-info\/\" \/>\n<meta property=\"og:site_name\" content=\"Fumot Official Direct | Straight from the Factory, 100% Genuine\" \/>\n<meta name=\"twitter:card\" content=\"summary_large_image\" \/>\n<meta name=\"twitter:label1\" content=\"Estimeret l\u00e6setid\" \/>\n\t<meta name=\"twitter:data1\" content=\"3 minutter\" \/>\n<script type=\"application\/ld+json\" class=\"yoast-schema-graph\">{\"@context\":\"https:\/\/schema.org\",\"@graph\":[{\"@type\":\"WebPage\",\"@id\":\"https:\/\/fumot.uk\/shipping-info\/\",\"url\":\"https:\/\/fumot.uk\/shipping-info\/\",\"name\":\"Shipping Info - Fumot Official Direct | Straight from the Factory, 100% Genuine\",\"isPartOf\":{\"@id\":\"https:\/\/fumot.uk\/#website\"},\"datePublished\":\"2026-01-23T01:52:57+00:00\",\"description\":\"Fumot.uk Shipping: 1\u20133 day processing, 7\u201315 day worldwide delivery, free shipping to US & Australia, DDP customs-paid options across Europe & UK, easy 17track tracking. Order with confidence today!\",\"breadcrumb\":{\"@id\":\"https:\/\/fumot.uk\/shipping-info\/#breadcrumb\"},\"inLanguage\":\"da-DK\",\"potentialAction\":[{\"@type\":\"ReadAction\",\"target\":[\"https:\/\/fumot.uk\/shipping-info\/\"]}]},{\"@type\":\"BreadcrumbList\",\"@id\":\"https:\/\/fumot.uk\/shipping-info\/#breadcrumb\",\"itemListElement\":[{\"@type\":\"ListItem\",\"position\":1,\"name\":\"Home\",\"item\":\"https:\/\/fumot.uk\/\"},{\"@type\":\"ListItem\",\"position\":2,\"name\":\"Shipping Info\"}]},{\"@type\":\"WebSite\",\"@id\":\"https:\/\/fumot.uk\/#website\",\"url\":\"https:\/\/fumot.uk\/\",\"name\":\"Fumot Official Direct | Straight from the Factory, 100% Genuine\",\"description\":\"Official Website\",\"publisher\":{\"@id\":\"https:\/\/fumot.uk\/#organization\"},\"potentialAction\":[{\"@type\":\"SearchAction\",\"target\":{\"@type\":\"EntryPoint\",\"urlTemplate\":\"https:\/\/fumot.uk\/?s={search_term_string}\"},\"query-input\":{\"@type\":\"PropertyValueSpecification\",\"valueRequired\":true,\"valueName\":\"search_term_string\"}}],\"inLanguage\":\"da-DK\"},{\"@type\":\"Organization\",\"@id\":\"https:\/\/fumot.uk\/#organization\",\"name\":\"Fumot Official Direct | Straight from the Factory, 100% Genuine\",\"url\":\"https:\/\/fumot.uk\/\",\"logo\":{\"@type\":\"ImageObject\",\"inLanguage\":\"da-DK\",\"@id\":\"https:\/\/fumot.uk\/#\/schema\/logo\/image\/\",\"url\":\"https:\/\/fumot.uk\/wp-content\/uploads\/2026\/01\/cropped-fumot-logo1.png\",\"contentUrl\":\"https:\/\/fumot.uk\/wp-content\/uploads\/2026\/01\/cropped-fumot-logo1.png\",\"width\":152,\"height\":106,\"caption\":\"Fumot Official Direct | Straight from the Factory, 100% Genuine\"},\"image\":{\"@id\":\"https:\/\/fumot.uk\/#\/schema\/logo\/image\/\"}}]}<\/script>\n<!-- \/ Yoast SEO plugin. -->","yoast_head_json":{"title":"Forsendelsesinfo - Fumot Official Direct | Direkte fra fabrikken, 100% \u00c6gte","description":"Fumot.uk Forsendelse: 1\u20133 dages behandling, 7\u201315 dages verdensomsp\u00e6ndende levering, gratis forsendelse til USA &amp; Australien, DDP toldbetalte muligheder i hele Europa &amp; UK, nem 17track sporing. Bestil med tillid i dag!","robots":{"index":"index","follow":"follow","max-snippet":"max-snippet:-1","max-image-preview":"max-image-preview:large","max-video-preview":"max-video-preview:-1"},"canonical":"https:\/\/fumot.uk\/da\/shipping-info\/","og_locale":"da_DK","og_type":"article","og_title":"Shipping Info - Fumot Official Direct | Straight from the Factory, 100% Genuine","og_description":"Fumot.uk Shipping: 1\u20133 day processing, 7\u201315 day worldwide delivery, free shipping to US & Australia, DDP customs-paid options across Europe & UK, easy 17track tracking. Order with confidence today!","og_url":"https:\/\/fumot.uk\/da\/shipping-info\/","og_site_name":"Fumot Official Direct | Straight from the Factory, 100% Genuine","twitter_card":"summary_large_image","twitter_misc":{"Estimeret l\u00e6setid":"3 minutter"},"schema":{"@context":"https:\/\/schema.org","@graph":[{"@type":"WebPage","@id":"https:\/\/fumot.uk\/shipping-info\/","url":"https:\/\/fumot.uk\/shipping-info\/","name":"Forsendelsesinfo - Fumot Official Direct | Direkte fra fabrikken, 100% \u00c6gte","isPartOf":{"@id":"https:\/\/fumot.uk\/#website"},"datePublished":"2026-01-23T01:52:57+00:00","description":"Fumot.uk Forsendelse: 1\u20133 dages behandling, 7\u201315 dages verdensomsp\u00e6ndende levering, gratis forsendelse til USA &amp; Australien, DDP toldbetalte muligheder i hele Europa &amp; UK, nem 17track sporing. Bestil med tillid i dag!","breadcrumb":{"@id":"https:\/\/fumot.uk\/shipping-info\/#breadcrumb"},"inLanguage":"da-DK","potentialAction":[{"@type":"ReadAction","target":["https:\/\/fumot.uk\/shipping-info\/"]}]},{"@type":"BreadcrumbList","@id":"https:\/\/fumot.uk\/shipping-info\/#breadcrumb","itemListElement":[{"@type":"ListItem","position":1,"name":"Home","item":"https:\/\/fumot.uk\/"},{"@type":"ListItem","position":2,"name":"Shipping Info"}]},{"@type":"WebSite","@id":"https:\/\/fumot.uk\/#website","url":"https:\/\/fumot.uk\/","name":"Fumot Official Direct | Direkte fra fabrikken, 100% \u00c6gte","description":"Officiel hjemmeside","publisher":{"@id":"https:\/\/fumot.uk\/#organization"},"potentialAction":[{"@type":"SearchAction","target":{"@type":"EntryPoint","urlTemplate":"https:\/\/fumot.uk\/?s={search_term_string}"},"query-input":{"@type":"PropertyValueSpecification","valueRequired":true,"valueName":"search_term_string"}}],"inLanguage":"da-DK"},{"@type":"Organization","@id":"https:\/\/fumot.uk\/#organization","name":"Fumot Official Direct | Direkte fra fabrikken, 100% \u00c6gte","url":"https:\/\/fumot.uk\/","logo":{"@type":"ImageObject","inLanguage":"da-DK","@id":"https:\/\/fumot.uk\/#\/schema\/logo\/image\/","url":"https:\/\/fumot.uk\/wp-content\/uploads\/2026\/01\/cropped-fumot-logo1.png","contentUrl":"https:\/\/fumot.uk\/wp-content\/uploads\/2026\/01\/cropped-fumot-logo1.png","width":152,"height":106,"caption":"Fumot Official Direct | Straight from the Factory, 100% Genuine"},"image":{"@id":"https:\/\/fumot.uk\/#\/schema\/logo\/image\/"}}]}},"_links":{"self":[{"href":"https:\/\/fumot.uk\/da\/wp-json\/wp\/v2\/pages\/6779","targetHints":{"allow":["GET"]}}],"collection":[{"href":"https:\/\/fumot.uk\/da\/wp-json\/wp\/v2\/pages"}],"about":[{"href":"https:\/\/fumot.uk\/da\/wp-json\/wp\/v2\/types\/page"}],"author":[{"embeddable":true,"href":"https:\/\/fumot.uk\/da\/wp-json\/wp\/v2\/users\/1"}],"replies":[{"embeddable":true,"href":"https:\/\/fumot.uk\/da\/wp-json\/wp\/v2\/comments?post=6779"}],"version-history":[{"count":1,"href":"https:\/\/fumot.uk\/da\/wp-json\/wp\/v2\/pages\/6779\/revisions"}],"predecessor-version":[{"id":6781,"href":"https:\/\/fumot.uk\/da\/wp-json\/wp\/v2\/pages\/6779\/revisions\/6781"}],"wp:attachment":[{"href":"https:\/\/fumot.uk\/da\/wp-json\/wp\/v2\/media?parent=6779"}],"curies":[{"name":"wp","href":"https:\/\/api.w.org\/{rel}","templated":true}]}}